{"id":173478,"date":"2025-11-28T10:12:55","date_gmt":"2025-11-28T09:12:55","guid":{"rendered":"https:\/\/blaeuer-uhren.ch\/produkt\/meister-classics-112-9073-01-112-9073-00\/"},"modified":"2025-11-28T10:12:59","modified_gmt":"2025-11-28T09:12:59","slug":"meister-classics-112-9073-01-112-9073-00","status":"publish","type":"product","link":"https:\/\/blaeuer-uhren.ch\/en\/produkt\/meister-classics-112-9073-01-112-9073-00\/","title":{"rendered":"Trauringe"},"content":{"rendered":"<p>Erh\u00e4ltlich bei JUWELIER BL\u00c4UER<\/p>\n","protected":false},"excerpt":{"rendered":"<p>Erh\u00e4ltlich bei JUWELIER BL\u00c4UER<\/p>\n","protected":false},"featured_media":664005,"comment_status":"closed","ping_status":"open","template":"","meta":{"_acf_changed":false},"product_brand":[],"product_cat":[1983,323,3415,2218,2813,272,242,2282],"product_tag":[],"class_list":{"0":"post-173478","1":"product","2":"type-product","3":"status-publish","4":"has-post-thumbnail","6":"product_cat-anlaesse","7":"product_cat-classics-meister","8":"product_cat-diamanten-brillanten","9":"product_cat-diamantschmuck","10":"product_cat-hochzeit","11":"product_cat-meister","12":"product_cat-schmuck","13":"product_cat-trauringe","14":"pa_besatz-diamanten-brillanten","15":"pa_kollektion-classics","16":"pa_marke-meister","17":"pa_material-gelbgold","18":"pa_material-silber","19":"pa_produktart-schmuck","20":"pa_schmuckart-diamantschmuck","21":"pa_schmuckart-trauringe","22":"pa_schmuckmarke-meister","23":"pa_zielgruppe-damenschmuck","25":"first","26":"instock","27":"product-type-simple"},"acf":[],"yoast_head":"<!-- This site is optimized with the Yoast SEO plugin v26.5 - https:\/\/yoast.com\/wordpress\/plugins\/seo\/ -->\n<title>Trauringe | Bijouterie Bl\u00e4uer | Thun<\/title>\n<meta name=\"robots\" content=\"index, follow, max-snippet:-1, max-image-preview:large, max-video-preview:-1\" \/>\n<link rel=\"canonical\" href=\"https:\/\/blaeuer-uhren.ch\/produkt\/meister-classics-112-9073-01-112-9073-00\/\" \/>\n<meta property=\"og:locale\" content=\"en_US\" \/>\n<meta property=\"og:type\" content=\"article\" \/>\n<meta property=\"og:title\" content=\"Trauringe | Bijouterie Bl\u00e4uer | Thun\" \/>\n<meta property=\"og:description\" content=\"Erh\u00e4ltlich bei JUWELIER BL\u00c4UER\" \/>\n<meta property=\"og:url\" content=\"https:\/\/blaeuer-uhren.ch\/produkt\/meister-classics-112-9073-01-112-9073-00\/\" \/>\n<meta property=\"og:site_name\" content=\"Bijouterie Bl\u00e4uer\" \/>\n<meta property=\"article:modified_time\" content=\"2025-11-28T09:12:59+00:00\" \/>\n<meta property=\"og:image\" content=\"https:\/\/blaeuer-uhren.ch\/wp-content\/uploads\/2025\/11\/24612848.png\" \/>\n\t<meta property=\"og:image:width\" content=\"1000\" \/>\n\t<meta property=\"og:image:height\" content=\"1000\" \/>\n\t<meta property=\"og:image:type\" content=\"image\/png\" \/>\n<meta name=\"twitter:card\" content=\"summary_large_image\" \/>\n<script type=\"application\/ld+json\" class=\"yoast-schema-graph\">{\"@context\":\"https:\/\/schema.org\",\"@graph\":[{\"@type\":\"WebPage\",\"@id\":\"https:\/\/blaeuer-uhren.ch\/produkt\/meister-classics-112-9073-01-112-9073-00\/\",\"url\":\"https:\/\/blaeuer-uhren.ch\/produkt\/meister-classics-112-9073-01-112-9073-00\/\",\"name\":\"Trauringe | Bijouterie Bl\u00e4uer | Thun\",\"isPartOf\":{\"@id\":\"http:\/\/blaeuer-uhren.ch\/zh-hans\/#website\"},\"primaryImageOfPage\":{\"@id\":\"https:\/\/blaeuer-uhren.ch\/produkt\/meister-classics-112-9073-01-112-9073-00\/#primaryimage\"},\"image\":{\"@id\":\"https:\/\/blaeuer-uhren.ch\/produkt\/meister-classics-112-9073-01-112-9073-00\/#primaryimage\"},\"thumbnailUrl\":\"https:\/\/blaeuer-uhren.ch\/wp-content\/uploads\/2025\/11\/24612848.png\",\"datePublished\":\"2025-11-28T09:12:55+00:00\",\"dateModified\":\"2025-11-28T09:12:59+00:00\",\"breadcrumb\":{\"@id\":\"https:\/\/blaeuer-uhren.ch\/produkt\/meister-classics-112-9073-01-112-9073-00\/#breadcrumb\"},\"inLanguage\":\"en-US\",\"potentialAction\":[{\"@type\":\"ReadAction\",\"target\":[\"https:\/\/blaeuer-uhren.ch\/produkt\/meister-classics-112-9073-01-112-9073-00\/\"]}]},{\"@type\":\"ImageObject\",\"inLanguage\":\"en-US\",\"@id\":\"https:\/\/blaeuer-uhren.ch\/produkt\/meister-classics-112-9073-01-112-9073-00\/#primaryimage\",\"url\":\"https:\/\/blaeuer-uhren.ch\/wp-content\/uploads\/2025\/11\/24612848.png\",\"contentUrl\":\"https:\/\/blaeuer-uhren.ch\/wp-content\/uploads\/2025\/11\/24612848.png\",\"width\":1000,\"height\":1000,\"caption\":\"in Thun\"},{\"@type\":\"BreadcrumbList\",\"@id\":\"https:\/\/blaeuer-uhren.ch\/produkt\/meister-classics-112-9073-01-112-9073-00\/#breadcrumb\",\"itemListElement\":[{\"@type\":\"ListItem\",\"position\":1,\"name\":\"Home\",\"item\":\"https:\/\/blaeuer-uhren.ch\/\"},{\"@type\":\"ListItem\",\"position\":2,\"name\":\"Produkte\",\"item\":\"https:\/\/blaeuer-uhren.ch\/shop\/\"},{\"@type\":\"ListItem\",\"position\":3,\"name\":\"Trauringe\"}]},{\"@type\":\"WebSite\",\"@id\":\"http:\/\/blaeuer-uhren.ch\/zh-hans\/#website\",\"url\":\"http:\/\/blaeuer-uhren.ch\/zh-hans\/\",\"name\":\"Bijouterie Bl\u00e4uer\",\"description\":\"Passion for watches and jewellery\",\"publisher\":{\"@id\":\"http:\/\/blaeuer-uhren.ch\/zh-hans\/#organization\"},\"potentialAction\":[{\"@type\":\"SearchAction\",\"target\":{\"@type\":\"EntryPoint\",\"urlTemplate\":\"http:\/\/blaeuer-uhren.ch\/zh-hans\/?s={search_term_string}\"},\"query-input\":{\"@type\":\"PropertyValueSpecification\",\"valueRequired\":true,\"valueName\":\"search_term_string\"}}],\"inLanguage\":\"en-US\"},{\"@type\":\"Organization\",\"@id\":\"http:\/\/blaeuer-uhren.ch\/zh-hans\/#organization\",\"name\":\"Bijouterie Bl\u00e4uer\",\"url\":\"http:\/\/blaeuer-uhren.ch\/zh-hans\/\",\"logo\":{\"@type\":\"ImageObject\",\"inLanguage\":\"en-US\",\"@id\":\"http:\/\/blaeuer-uhren.ch\/zh-hans\/#\/schema\/logo\/image\/\",\"url\":\"https:\/\/blaeuer-uhren.ch\/wp-content\/uploads\/2018\/02\/Blaeuer_Logo.svg\",\"contentUrl\":\"https:\/\/blaeuer-uhren.ch\/wp-content\/uploads\/2018\/02\/Blaeuer_Logo.svg\",\"caption\":\"Bijouterie Bl\u00e4uer\"},\"image\":{\"@id\":\"http:\/\/blaeuer-uhren.ch\/zh-hans\/#\/schema\/logo\/image\/\"}}]}<\/script>\n<!-- \/ Yoast SEO plugin. -->","yoast_head_json":{"title":"Trauringe | Bijouterie Bl\u00e4uer | Thun","robots":{"index":"index","follow":"follow","max-snippet":"max-snippet:-1","max-image-preview":"max-image-preview:large","max-video-preview":"max-video-preview:-1"},"canonical":"https:\/\/blaeuer-uhren.ch\/produkt\/meister-classics-112-9073-01-112-9073-00\/","og_locale":"en_US","og_type":"article","og_title":"Trauringe | Bijouterie Bl\u00e4uer | Thun","og_description":"Erh\u00e4ltlich bei JUWELIER BL\u00c4UER","og_url":"https:\/\/blaeuer-uhren.ch\/produkt\/meister-classics-112-9073-01-112-9073-00\/","og_site_name":"Bijouterie Bl\u00e4uer","article_modified_time":"2025-11-28T09:12:59+00:00","og_image":[{"width":1000,"height":1000,"url":"https:\/\/blaeuer-uhren.ch\/wp-content\/uploads\/2025\/11\/24612848.png","type":"image\/png"}],"twitter_card":"summary_large_image","schema":{"@context":"https:\/\/schema.org","@graph":[{"@type":"WebPage","@id":"https:\/\/blaeuer-uhren.ch\/produkt\/meister-classics-112-9073-01-112-9073-00\/","url":"https:\/\/blaeuer-uhren.ch\/produkt\/meister-classics-112-9073-01-112-9073-00\/","name":"Trauringe | Bijouterie Bl\u00e4uer | Thun","isPartOf":{"@id":"http:\/\/blaeuer-uhren.ch\/zh-hans\/#website"},"primaryImageOfPage":{"@id":"https:\/\/blaeuer-uhren.ch\/produkt\/meister-classics-112-9073-01-112-9073-00\/#primaryimage"},"image":{"@id":"https:\/\/blaeuer-uhren.ch\/produkt\/meister-classics-112-9073-01-112-9073-00\/#primaryimage"},"thumbnailUrl":"https:\/\/blaeuer-uhren.ch\/wp-content\/uploads\/2025\/11\/24612848.png","datePublished":"2025-11-28T09:12:55+00:00","dateModified":"2025-11-28T09:12:59+00:00","breadcrumb":{"@id":"https:\/\/blaeuer-uhren.ch\/produkt\/meister-classics-112-9073-01-112-9073-00\/#breadcrumb"},"inLanguage":"en-US","potentialAction":[{"@type":"ReadAction","target":["https:\/\/blaeuer-uhren.ch\/produkt\/meister-classics-112-9073-01-112-9073-00\/"]}]},{"@type":"ImageObject","inLanguage":"en-US","@id":"https:\/\/blaeuer-uhren.ch\/produkt\/meister-classics-112-9073-01-112-9073-00\/#primaryimage","url":"https:\/\/blaeuer-uhren.ch\/wp-content\/uploads\/2025\/11\/24612848.png","contentUrl":"https:\/\/blaeuer-uhren.ch\/wp-content\/uploads\/2025\/11\/24612848.png","width":1000,"height":1000,"caption":"in Thun"},{"@type":"BreadcrumbList","@id":"https:\/\/blaeuer-uhren.ch\/produkt\/meister-classics-112-9073-01-112-9073-00\/#breadcrumb","itemListElement":[{"@type":"ListItem","position":1,"name":"Home","item":"https:\/\/blaeuer-uhren.ch\/"},{"@type":"ListItem","position":2,"name":"Produkte","item":"https:\/\/blaeuer-uhren.ch\/shop\/"},{"@type":"ListItem","position":3,"name":"Trauringe"}]},{"@type":"WebSite","@id":"http:\/\/blaeuer-uhren.ch\/zh-hans\/#website","url":"http:\/\/blaeuer-uhren.ch\/zh-hans\/","name":"Bijouterie Bl\u00e4uer","description":"Passion for watches and jewellery","publisher":{"@id":"http:\/\/blaeuer-uhren.ch\/zh-hans\/#organization"},"potentialAction":[{"@type":"SearchAction","target":{"@type":"EntryPoint","urlTemplate":"http:\/\/blaeuer-uhren.ch\/zh-hans\/?s={search_term_string}"},"query-input":{"@type":"PropertyValueSpecification","valueRequired":true,"valueName":"search_term_string"}}],"inLanguage":"en-US"},{"@type":"Organization","@id":"http:\/\/blaeuer-uhren.ch\/zh-hans\/#organization","name":"Bijouterie Bl\u00e4uer","url":"http:\/\/blaeuer-uhren.ch\/zh-hans\/","logo":{"@type":"ImageObject","inLanguage":"en-US","@id":"http:\/\/blaeuer-uhren.ch\/zh-hans\/#\/schema\/logo\/image\/","url":"https:\/\/blaeuer-uhren.ch\/wp-content\/uploads\/2018\/02\/Blaeuer_Logo.svg","contentUrl":"https:\/\/blaeuer-uhren.ch\/wp-content\/uploads\/2018\/02\/Blaeuer_Logo.svg","caption":"Bijouterie Bl\u00e4uer"},"image":{"@id":"http:\/\/blaeuer-uhren.ch\/zh-hans\/#\/schema\/logo\/image\/"}}]}},"_links":{"self":[{"href":"https:\/\/blaeuer-uhren.ch\/en\/wp-json\/wp\/v2\/product\/173478","targetHints":{"allow":["GET"]}}],"collection":[{"href":"https:\/\/blaeuer-uhren.ch\/en\/wp-json\/wp\/v2\/product"}],"about":[{"href":"https:\/\/blaeuer-uhren.ch\/en\/wp-json\/wp\/v2\/types\/product"}],"replies":[{"embeddable":true,"href":"https:\/\/blaeuer-uhren.ch\/en\/wp-json\/wp\/v2\/comments?post=173478"}],"wp:featuredmedia":[{"embeddable":true,"href":"https:\/\/blaeuer-uhren.ch\/en\/wp-json\/wp\/v2\/media\/664005"}],"wp:attachment":[{"href":"https:\/\/blaeuer-uhren.ch\/en\/wp-json\/wp\/v2\/media?parent=173478"}],"wp:term":[{"taxonomy":"product_brand","embeddable":true,"href":"https:\/\/blaeuer-uhren.ch\/en\/wp-json\/wp\/v2\/product_brand?post=173478"},{"taxonomy":"product_cat","embeddable":true,"href":"https:\/\/blaeuer-uhren.ch\/en\/wp-json\/wp\/v2\/product_cat?post=173478"},{"taxonomy":"product_tag","embeddable":true,"href":"https:\/\/blaeuer-uhren.ch\/en\/wp-json\/wp\/v2\/product_tag?post=173478"}],"curies":[{"name":"wp","href":"https:\/\/api.w.org\/{rel}","templated":true}]}}