{"id":669015,"date":"2025-12-12T14:02:00","date_gmt":"2025-12-12T13:02:00","guid":{"rendered":"https:\/\/blaeuer-uhren.ch\/?post_type=product&#038;p=669015"},"modified":"2025-12-12T14:31:45","modified_gmt":"2025-12-12T13:31:45","slug":"centrix-diamonds","status":"publish","type":"product","link":"https:\/\/blaeuer-uhren.ch\/en\/produkt\/centrix-diamonds\/","title":{"rendered":"Centrix Diamonds"},"content":{"rendered":"<p>Erh\u00e4ltlich bei JUWELIER BL\u00c4UER<\/p>\n<p>&nbsp;<\/p>\n<p>&nbsp;<\/p>\n","protected":false},"excerpt":{"rendered":"<p>Erh\u00e4ltlich bei JUWELIER BL\u00c4UER &nbsp; &nbsp;<\/p>\n","protected":false},"featured_media":669016,"comment_status":"closed","ping_status":"closed","template":"","meta":{"_acf_changed":false},"product_brand":[],"product_cat":[1983,108,393,2881,3295,44,17],"product_tag":[],"class_list":{"0":"post-669015","1":"product","2":"type-product","3":"status-publish","4":"has-post-thumbnail","6":"product_cat-anlaesse","7":"product_cat-centrix","8":"product_cat-damenuhr","9":"product_cat-geschenke-fuer-sie","10":"product_cat-muttertag","11":"product_cat-rado","12":"product_cat-uhren","13":"pa_bandmaterialfilter-edelstahl","14":"pa_gehaeusedurchmesserfilter-31-33","15":"pa_gehaeusematerialfilter-edelstahl","16":"pa_gender-damenuhr","17":"pa_kollektion-centrix","18":"pa_marke-rado","19":"pa_uhrenfunktionen-datum","20":"pa_uhrenfunktionen-dreizeiger","21":"pa_uhrenmarke-rado","22":"pa_uhrwerkfilter-quarz","24":"first","25":"instock","26":"product-type-simple"},"acf":[],"yoast_head":"<!-- This site is optimized with the Yoast SEO plugin v26.5 - https:\/\/yoast.com\/wordpress\/plugins\/seo\/ -->\n<title>Centrix Diamonds | Bijouterie Bl\u00e4uer | Thun<\/title>\n<meta name=\"description\" content=\"Rado Centrix Super Jubile 35 mm mit Diamantl\u00fcnette, Perlmuttzifferblatt, Automatikwerk R763, Keramikarmband und ros\u00e9goldfarbener PVD-Eleganz.\" \/>\n<meta name=\"robots\" content=\"index, follow, max-snippet:-1, max-image-preview:large, max-video-preview:-1\" \/>\n<link rel=\"canonical\" href=\"https:\/\/blaeuer-uhren.ch\/produkt\/centrix-diamonds\/\" \/>\n<meta property=\"og:locale\" content=\"en_US\" \/>\n<meta property=\"og:type\" content=\"article\" \/>\n<meta property=\"og:title\" content=\"Centrix Diamonds | Bijouterie Bl\u00e4uer | Thun\" \/>\n<meta property=\"og:description\" content=\"Rado Centrix Super Jubile 35 mm mit Diamantl\u00fcnette, Perlmuttzifferblatt, Automatikwerk R763, Keramikarmband und ros\u00e9goldfarbener PVD-Eleganz.\" \/>\n<meta property=\"og:url\" content=\"https:\/\/blaeuer-uhren.ch\/produkt\/centrix-diamonds\/\" \/>\n<meta property=\"og:site_name\" content=\"Bijouterie Bl\u00e4uer\" \/>\n<meta property=\"article:modified_time\" content=\"2025-12-12T13:31:45+00:00\" \/>\n<meta property=\"og:image\" content=\"https:\/\/blaeuer-uhren.ch\/wp-content\/uploads\/2025\/12\/centrix_r30230922_sld_web.png\" \/>\n\t<meta property=\"og:image:width\" content=\"700\" \/>\n\t<meta property=\"og:image:height\" content=\"1000\" \/>\n\t<meta property=\"og:image:type\" content=\"image\/png\" \/>\n<meta name=\"twitter:card\" content=\"summary_large_image\" \/>\n<meta name=\"twitter:label1\" content=\"Est. reading time\" \/>\n\t<meta name=\"twitter:data1\" content=\"1 minute\" \/>\n<script type=\"application\/ld+json\" class=\"yoast-schema-graph\">{\"@context\":\"https:\/\/schema.org\",\"@graph\":[{\"@type\":\"WebPage\",\"@id\":\"https:\/\/blaeuer-uhren.ch\/produkt\/centrix-diamonds\/\",\"url\":\"https:\/\/blaeuer-uhren.ch\/produkt\/centrix-diamonds\/\",\"name\":\"Centrix Diamonds | Bijouterie Bl\u00e4uer | Thun\",\"isPartOf\":{\"@id\":\"http:\/\/blaeuer-uhren.ch\/zh-hans\/#website\"},\"primaryImageOfPage\":{\"@id\":\"https:\/\/blaeuer-uhren.ch\/produkt\/centrix-diamonds\/#primaryimage\"},\"image\":{\"@id\":\"https:\/\/blaeuer-uhren.ch\/produkt\/centrix-diamonds\/#primaryimage\"},\"thumbnailUrl\":\"https:\/\/blaeuer-uhren.ch\/wp-content\/uploads\/2025\/12\/centrix_r30230922_sld_web.png\",\"datePublished\":\"2025-12-12T13:02:00+00:00\",\"dateModified\":\"2025-12-12T13:31:45+00:00\",\"description\":\"Rado Centrix Super Jubile 35 mm mit Diamantl\u00fcnette, Perlmuttzifferblatt, Automatikwerk R763, Keramikarmband und ros\u00e9goldfarbener PVD-Eleganz.\",\"breadcrumb\":{\"@id\":\"https:\/\/blaeuer-uhren.ch\/produkt\/centrix-diamonds\/#breadcrumb\"},\"inLanguage\":\"en-US\",\"potentialAction\":[{\"@type\":\"ReadAction\",\"target\":[\"https:\/\/blaeuer-uhren.ch\/produkt\/centrix-diamonds\/\"]}]},{\"@type\":\"ImageObject\",\"inLanguage\":\"en-US\",\"@id\":\"https:\/\/blaeuer-uhren.ch\/produkt\/centrix-diamonds\/#primaryimage\",\"url\":\"https:\/\/blaeuer-uhren.ch\/wp-content\/uploads\/2025\/12\/centrix_r30230922_sld_web.png\",\"contentUrl\":\"https:\/\/blaeuer-uhren.ch\/wp-content\/uploads\/2025\/12\/centrix_r30230922_sld_web.png\",\"width\":700,\"height\":1000},{\"@type\":\"BreadcrumbList\",\"@id\":\"https:\/\/blaeuer-uhren.ch\/produkt\/centrix-diamonds\/#breadcrumb\",\"itemListElement\":[{\"@type\":\"ListItem\",\"position\":1,\"name\":\"Home\",\"item\":\"https:\/\/blaeuer-uhren.ch\/\"},{\"@type\":\"ListItem\",\"position\":2,\"name\":\"Produkte\",\"item\":\"https:\/\/blaeuer-uhren.ch\/shop\/\"},{\"@type\":\"ListItem\",\"position\":3,\"name\":\"Centrix Diamonds\"}]},{\"@type\":\"WebSite\",\"@id\":\"http:\/\/blaeuer-uhren.ch\/zh-hans\/#website\",\"url\":\"http:\/\/blaeuer-uhren.ch\/zh-hans\/\",\"name\":\"Bijouterie Bl\u00e4uer\",\"description\":\"Passion for watches and jewellery\",\"publisher\":{\"@id\":\"http:\/\/blaeuer-uhren.ch\/zh-hans\/#organization\"},\"potentialAction\":[{\"@type\":\"SearchAction\",\"target\":{\"@type\":\"EntryPoint\",\"urlTemplate\":\"http:\/\/blaeuer-uhren.ch\/zh-hans\/?s={search_term_string}\"},\"query-input\":{\"@type\":\"PropertyValueSpecification\",\"valueRequired\":true,\"valueName\":\"search_term_string\"}}],\"inLanguage\":\"en-US\"},{\"@type\":\"Organization\",\"@id\":\"http:\/\/blaeuer-uhren.ch\/zh-hans\/#organization\",\"name\":\"Bijouterie Bl\u00e4uer\",\"url\":\"http:\/\/blaeuer-uhren.ch\/zh-hans\/\",\"logo\":{\"@type\":\"ImageObject\",\"inLanguage\":\"en-US\",\"@id\":\"http:\/\/blaeuer-uhren.ch\/zh-hans\/#\/schema\/logo\/image\/\",\"url\":\"https:\/\/blaeuer-uhren.ch\/wp-content\/uploads\/2018\/02\/Blaeuer_Logo.svg\",\"contentUrl\":\"https:\/\/blaeuer-uhren.ch\/wp-content\/uploads\/2018\/02\/Blaeuer_Logo.svg\",\"caption\":\"Bijouterie Bl\u00e4uer\"},\"image\":{\"@id\":\"http:\/\/blaeuer-uhren.ch\/zh-hans\/#\/schema\/logo\/image\/\"}}]}<\/script>\n<!-- \/ Yoast SEO plugin. -->","yoast_head_json":{"title":"Centrix Diamonds | Bijouterie Bl\u00e4uer | Thun","description":"Rado Centrix Super Jubile 35 mm mit Diamantl\u00fcnette, Perlmuttzifferblatt, Automatikwerk R763, Keramikarmband und ros\u00e9goldfarbener PVD-Eleganz.","robots":{"index":"index","follow":"follow","max-snippet":"max-snippet:-1","max-image-preview":"max-image-preview:large","max-video-preview":"max-video-preview:-1"},"canonical":"https:\/\/blaeuer-uhren.ch\/produkt\/centrix-diamonds\/","og_locale":"en_US","og_type":"article","og_title":"Centrix Diamonds | Bijouterie Bl\u00e4uer | Thun","og_description":"Rado Centrix Super Jubile 35 mm mit Diamantl\u00fcnette, Perlmuttzifferblatt, Automatikwerk R763, Keramikarmband und ros\u00e9goldfarbener PVD-Eleganz.","og_url":"https:\/\/blaeuer-uhren.ch\/produkt\/centrix-diamonds\/","og_site_name":"Bijouterie Bl\u00e4uer","article_modified_time":"2025-12-12T13:31:45+00:00","og_image":[{"width":700,"height":1000,"url":"https:\/\/blaeuer-uhren.ch\/wp-content\/uploads\/2025\/12\/centrix_r30230922_sld_web.png","type":"image\/png"}],"twitter_card":"summary_large_image","twitter_misc":{"Est. reading time":"1 minute"},"schema":{"@context":"https:\/\/schema.org","@graph":[{"@type":"WebPage","@id":"https:\/\/blaeuer-uhren.ch\/produkt\/centrix-diamonds\/","url":"https:\/\/blaeuer-uhren.ch\/produkt\/centrix-diamonds\/","name":"Centrix Diamonds | Bijouterie Bl\u00e4uer | Thun","isPartOf":{"@id":"http:\/\/blaeuer-uhren.ch\/zh-hans\/#website"},"primaryImageOfPage":{"@id":"https:\/\/blaeuer-uhren.ch\/produkt\/centrix-diamonds\/#primaryimage"},"image":{"@id":"https:\/\/blaeuer-uhren.ch\/produkt\/centrix-diamonds\/#primaryimage"},"thumbnailUrl":"https:\/\/blaeuer-uhren.ch\/wp-content\/uploads\/2025\/12\/centrix_r30230922_sld_web.png","datePublished":"2025-12-12T13:02:00+00:00","dateModified":"2025-12-12T13:31:45+00:00","description":"Rado Centrix Super Jubile 35 mm mit Diamantl\u00fcnette, Perlmuttzifferblatt, Automatikwerk R763, Keramikarmband und ros\u00e9goldfarbener PVD-Eleganz.","breadcrumb":{"@id":"https:\/\/blaeuer-uhren.ch\/produkt\/centrix-diamonds\/#breadcrumb"},"inLanguage":"en-US","potentialAction":[{"@type":"ReadAction","target":["https:\/\/blaeuer-uhren.ch\/produkt\/centrix-diamonds\/"]}]},{"@type":"ImageObject","inLanguage":"en-US","@id":"https:\/\/blaeuer-uhren.ch\/produkt\/centrix-diamonds\/#primaryimage","url":"https:\/\/blaeuer-uhren.ch\/wp-content\/uploads\/2025\/12\/centrix_r30230922_sld_web.png","contentUrl":"https:\/\/blaeuer-uhren.ch\/wp-content\/uploads\/2025\/12\/centrix_r30230922_sld_web.png","width":700,"height":1000},{"@type":"BreadcrumbList","@id":"https:\/\/blaeuer-uhren.ch\/produkt\/centrix-diamonds\/#breadcrumb","itemListElement":[{"@type":"ListItem","position":1,"name":"Home","item":"https:\/\/blaeuer-uhren.ch\/"},{"@type":"ListItem","position":2,"name":"Produkte","item":"https:\/\/blaeuer-uhren.ch\/shop\/"},{"@type":"ListItem","position":3,"name":"Centrix Diamonds"}]},{"@type":"WebSite","@id":"http:\/\/blaeuer-uhren.ch\/zh-hans\/#website","url":"http:\/\/blaeuer-uhren.ch\/zh-hans\/","name":"Bijouterie Bl\u00e4uer","description":"Passion for watches and jewellery","publisher":{"@id":"http:\/\/blaeuer-uhren.ch\/zh-hans\/#organization"},"potentialAction":[{"@type":"SearchAction","target":{"@type":"EntryPoint","urlTemplate":"http:\/\/blaeuer-uhren.ch\/zh-hans\/?s={search_term_string}"},"query-input":{"@type":"PropertyValueSpecification","valueRequired":true,"valueName":"search_term_string"}}],"inLanguage":"en-US"},{"@type":"Organization","@id":"http:\/\/blaeuer-uhren.ch\/zh-hans\/#organization","name":"Bijouterie Bl\u00e4uer","url":"http:\/\/blaeuer-uhren.ch\/zh-hans\/","logo":{"@type":"ImageObject","inLanguage":"en-US","@id":"http:\/\/blaeuer-uhren.ch\/zh-hans\/#\/schema\/logo\/image\/","url":"https:\/\/blaeuer-uhren.ch\/wp-content\/uploads\/2018\/02\/Blaeuer_Logo.svg","contentUrl":"https:\/\/blaeuer-uhren.ch\/wp-content\/uploads\/2018\/02\/Blaeuer_Logo.svg","caption":"Bijouterie Bl\u00e4uer"},"image":{"@id":"http:\/\/blaeuer-uhren.ch\/zh-hans\/#\/schema\/logo\/image\/"}}]}},"_links":{"self":[{"href":"https:\/\/blaeuer-uhren.ch\/en\/wp-json\/wp\/v2\/product\/669015","targetHints":{"allow":["GET"]}}],"collection":[{"href":"https:\/\/blaeuer-uhren.ch\/en\/wp-json\/wp\/v2\/product"}],"about":[{"href":"https:\/\/blaeuer-uhren.ch\/en\/wp-json\/wp\/v2\/types\/product"}],"replies":[{"embeddable":true,"href":"https:\/\/blaeuer-uhren.ch\/en\/wp-json\/wp\/v2\/comments?post=669015"}],"wp:featuredmedia":[{"embeddable":true,"href":"https:\/\/blaeuer-uhren.ch\/en\/wp-json\/wp\/v2\/media\/669016"}],"wp:attachment":[{"href":"https:\/\/blaeuer-uhren.ch\/en\/wp-json\/wp\/v2\/media?parent=669015"}],"wp:term":[{"taxonomy":"product_brand","embeddable":true,"href":"https:\/\/blaeuer-uhren.ch\/en\/wp-json\/wp\/v2\/product_brand?post=669015"},{"taxonomy":"product_cat","embeddable":true,"href":"https:\/\/blaeuer-uhren.ch\/en\/wp-json\/wp\/v2\/product_cat?post=669015"},{"taxonomy":"product_tag","embeddable":true,"href":"https:\/\/blaeuer-uhren.ch\/en\/wp-json\/wp\/v2\/product_tag?post=669015"}],"curies":[{"name":"wp","href":"https:\/\/api.w.org\/{rel}","templated":true}]}}