{"id":727222,"date":"2026-04-02T09:54:59","date_gmt":"2026-04-02T07:54:59","guid":{"rendered":"https:\/\/blaeuer-uhren.ch\/produkt\/iwc-schaffhausen-portofino-iw356523\/"},"modified":"2026-04-02T09:54:59","modified_gmt":"2026-04-02T07:54:59","slug":"iwc-schaffhausen-portofino-iw356523","status":"publish","type":"product","link":"https:\/\/blaeuer-uhren.ch\/en\/produkt\/iwc-schaffhausen-portofino-iw356523\/","title":{"rendered":"Portofino Automatic"},"content":{"rendered":"<p>Erh\u00e4ltlich bei JUWELIER BL\u00c4UER<\/p>\n<p>&nbsp;<\/p>\n<p>&nbsp;<\/p>\n","protected":false},"excerpt":{"rendered":"<p>Erh\u00e4ltlich bei JUWELIER BL\u00c4UER &nbsp; &nbsp;<\/p>\n","protected":false},"featured_media":727223,"comment_status":"closed","ping_status":"open","template":"","meta":{"_acf_changed":false},"product_brand":[],"product_cat":[76,3442,17,438],"product_tag":[],"class_list":{"0":"post-727222","1":"product","2":"type-product","3":"status-publish","4":"has-post-thumbnail","6":"product_cat-iwc-schaffhausen","7":"product_cat-portofino","8":"product_cat-uhren","9":"product_cat-unisex","10":"pa_bandmaterialfilter-leder","11":"pa_gehaeusedurchmesserfilter-40-45","12":"pa_gehaeusematerialfilter-edelstahl","13":"pa_gender-unisex","14":"pa_kollektion-portofino","15":"pa_marke-iwc-schaffhausen","16":"pa_uhrenfunktionen-datum","17":"pa_uhrenfunktionen-dreizeiger","18":"pa_uhrenmarke-iwc-schaffhausen","19":"pa_uhrwerkfilter-automatik","21":"first","22":"instock","23":"product-type-simple"},"acf":[],"yoast_head":"<!-- This site is optimized with the Yoast SEO plugin v26.5 - https:\/\/yoast.com\/wordpress\/plugins\/seo\/ -->\n<title>Portofino Automatic | Bijouterie Bl\u00e4uer | Thun<\/title>\n<meta name=\"robots\" content=\"index, follow, max-snippet:-1, max-image-preview:large, max-video-preview:-1\" \/>\n<link rel=\"canonical\" href=\"https:\/\/blaeuer-uhren.ch\/produkt\/iwc-schaffhausen-portofino-iw356523\/\" \/>\n<meta property=\"og:locale\" content=\"en_US\" \/>\n<meta property=\"og:type\" content=\"article\" \/>\n<meta property=\"og:title\" content=\"Portofino Automatic | Bijouterie Bl\u00e4uer | Thun\" \/>\n<meta property=\"og:description\" content=\"Erh\u00e4ltlich bei JUWELIER BL\u00c4UER &nbsp; &nbsp;\" \/>\n<meta property=\"og:url\" content=\"https:\/\/blaeuer-uhren.ch\/produkt\/iwc-schaffhausen-portofino-iw356523\/\" \/>\n<meta property=\"og:site_name\" content=\"Bijouterie Bl\u00e4uer\" \/>\n<meta property=\"og:image\" content=\"https:\/\/blaeuer-uhren.ch\/wp-content\/uploads\/2026\/04\/10450117.png\" \/>\n\t<meta property=\"og:image:width\" content=\"700\" \/>\n\t<meta property=\"og:image:height\" content=\"1000\" \/>\n\t<meta property=\"og:image:type\" content=\"image\/png\" \/>\n<meta name=\"twitter:card\" content=\"summary_large_image\" \/>\n<script type=\"application\/ld+json\" class=\"yoast-schema-graph\">{\"@context\":\"https:\/\/schema.org\",\"@graph\":[{\"@type\":\"WebPage\",\"@id\":\"https:\/\/blaeuer-uhren.ch\/produkt\/iwc-schaffhausen-portofino-iw356523\/\",\"url\":\"https:\/\/blaeuer-uhren.ch\/produkt\/iwc-schaffhausen-portofino-iw356523\/\",\"name\":\"Portofino Automatic | Bijouterie Bl\u00e4uer | Thun\",\"isPartOf\":{\"@id\":\"http:\/\/blaeuer-uhren.ch\/zh-hans\/#website\"},\"primaryImageOfPage\":{\"@id\":\"https:\/\/blaeuer-uhren.ch\/produkt\/iwc-schaffhausen-portofino-iw356523\/#primaryimage\"},\"image\":{\"@id\":\"https:\/\/blaeuer-uhren.ch\/produkt\/iwc-schaffhausen-portofino-iw356523\/#primaryimage\"},\"thumbnailUrl\":\"https:\/\/blaeuer-uhren.ch\/wp-content\/uploads\/2026\/04\/10450117.png\",\"datePublished\":\"2026-04-02T07:54:59+00:00\",\"breadcrumb\":{\"@id\":\"https:\/\/blaeuer-uhren.ch\/produkt\/iwc-schaffhausen-portofino-iw356523\/#breadcrumb\"},\"inLanguage\":\"en-US\",\"potentialAction\":[{\"@type\":\"ReadAction\",\"target\":[\"https:\/\/blaeuer-uhren.ch\/produkt\/iwc-schaffhausen-portofino-iw356523\/\"]}]},{\"@type\":\"ImageObject\",\"inLanguage\":\"en-US\",\"@id\":\"https:\/\/blaeuer-uhren.ch\/produkt\/iwc-schaffhausen-portofino-iw356523\/#primaryimage\",\"url\":\"https:\/\/blaeuer-uhren.ch\/wp-content\/uploads\/2026\/04\/10450117.png\",\"contentUrl\":\"https:\/\/blaeuer-uhren.ch\/wp-content\/uploads\/2026\/04\/10450117.png\",\"width\":700,\"height\":1000,\"caption\":\"in Thun\"},{\"@type\":\"BreadcrumbList\",\"@id\":\"https:\/\/blaeuer-uhren.ch\/produkt\/iwc-schaffhausen-portofino-iw356523\/#breadcrumb\",\"itemListElement\":[{\"@type\":\"ListItem\",\"position\":1,\"name\":\"Home\",\"item\":\"https:\/\/blaeuer-uhren.ch\/\"},{\"@type\":\"ListItem\",\"position\":2,\"name\":\"Produkte\",\"item\":\"https:\/\/blaeuer-uhren.ch\/shop\/\"},{\"@type\":\"ListItem\",\"position\":3,\"name\":\"Portofino Automatic\"}]},{\"@type\":\"WebSite\",\"@id\":\"http:\/\/blaeuer-uhren.ch\/zh-hans\/#website\",\"url\":\"http:\/\/blaeuer-uhren.ch\/zh-hans\/\",\"name\":\"Bijouterie Bl\u00e4uer\",\"description\":\"Passion for watches and jewellery\",\"publisher\":{\"@id\":\"http:\/\/blaeuer-uhren.ch\/zh-hans\/#organization\"},\"potentialAction\":[{\"@type\":\"SearchAction\",\"target\":{\"@type\":\"EntryPoint\",\"urlTemplate\":\"http:\/\/blaeuer-uhren.ch\/zh-hans\/?s={search_term_string}\"},\"query-input\":{\"@type\":\"PropertyValueSpecification\",\"valueRequired\":true,\"valueName\":\"search_term_string\"}}],\"inLanguage\":\"en-US\"},{\"@type\":\"Organization\",\"@id\":\"http:\/\/blaeuer-uhren.ch\/zh-hans\/#organization\",\"name\":\"Bijouterie Bl\u00e4uer\",\"url\":\"http:\/\/blaeuer-uhren.ch\/zh-hans\/\",\"logo\":{\"@type\":\"ImageObject\",\"inLanguage\":\"en-US\",\"@id\":\"http:\/\/blaeuer-uhren.ch\/zh-hans\/#\/schema\/logo\/image\/\",\"url\":\"https:\/\/blaeuer-uhren.ch\/wp-content\/uploads\/2018\/02\/Blaeuer_Logo.svg\",\"contentUrl\":\"https:\/\/blaeuer-uhren.ch\/wp-content\/uploads\/2018\/02\/Blaeuer_Logo.svg\",\"caption\":\"Bijouterie Bl\u00e4uer\"},\"image\":{\"@id\":\"http:\/\/blaeuer-uhren.ch\/zh-hans\/#\/schema\/logo\/image\/\"}}]}<\/script>\n<!-- \/ Yoast SEO plugin. -->","yoast_head_json":{"title":"Portofino Automatic | Bijouterie Bl\u00e4uer | Thun","robots":{"index":"index","follow":"follow","max-snippet":"max-snippet:-1","max-image-preview":"max-image-preview:large","max-video-preview":"max-video-preview:-1"},"canonical":"https:\/\/blaeuer-uhren.ch\/produkt\/iwc-schaffhausen-portofino-iw356523\/","og_locale":"en_US","og_type":"article","og_title":"Portofino Automatic | Bijouterie Bl\u00e4uer | Thun","og_description":"Erh\u00e4ltlich bei JUWELIER BL\u00c4UER &nbsp; &nbsp;","og_url":"https:\/\/blaeuer-uhren.ch\/produkt\/iwc-schaffhausen-portofino-iw356523\/","og_site_name":"Bijouterie Bl\u00e4uer","og_image":[{"width":700,"height":1000,"url":"https:\/\/blaeuer-uhren.ch\/wp-content\/uploads\/2026\/04\/10450117.png","type":"image\/png"}],"twitter_card":"summary_large_image","schema":{"@context":"https:\/\/schema.org","@graph":[{"@type":"WebPage","@id":"https:\/\/blaeuer-uhren.ch\/produkt\/iwc-schaffhausen-portofino-iw356523\/","url":"https:\/\/blaeuer-uhren.ch\/produkt\/iwc-schaffhausen-portofino-iw356523\/","name":"Portofino Automatic | Bijouterie Bl\u00e4uer | Thun","isPartOf":{"@id":"http:\/\/blaeuer-uhren.ch\/zh-hans\/#website"},"primaryImageOfPage":{"@id":"https:\/\/blaeuer-uhren.ch\/produkt\/iwc-schaffhausen-portofino-iw356523\/#primaryimage"},"image":{"@id":"https:\/\/blaeuer-uhren.ch\/produkt\/iwc-schaffhausen-portofino-iw356523\/#primaryimage"},"thumbnailUrl":"https:\/\/blaeuer-uhren.ch\/wp-content\/uploads\/2026\/04\/10450117.png","datePublished":"2026-04-02T07:54:59+00:00","breadcrumb":{"@id":"https:\/\/blaeuer-uhren.ch\/produkt\/iwc-schaffhausen-portofino-iw356523\/#breadcrumb"},"inLanguage":"en-US","potentialAction":[{"@type":"ReadAction","target":["https:\/\/blaeuer-uhren.ch\/produkt\/iwc-schaffhausen-portofino-iw356523\/"]}]},{"@type":"ImageObject","inLanguage":"en-US","@id":"https:\/\/blaeuer-uhren.ch\/produkt\/iwc-schaffhausen-portofino-iw356523\/#primaryimage","url":"https:\/\/blaeuer-uhren.ch\/wp-content\/uploads\/2026\/04\/10450117.png","contentUrl":"https:\/\/blaeuer-uhren.ch\/wp-content\/uploads\/2026\/04\/10450117.png","width":700,"height":1000,"caption":"in Thun"},{"@type":"BreadcrumbList","@id":"https:\/\/blaeuer-uhren.ch\/produkt\/iwc-schaffhausen-portofino-iw356523\/#breadcrumb","itemListElement":[{"@type":"ListItem","position":1,"name":"Home","item":"https:\/\/blaeuer-uhren.ch\/"},{"@type":"ListItem","position":2,"name":"Produkte","item":"https:\/\/blaeuer-uhren.ch\/shop\/"},{"@type":"ListItem","position":3,"name":"Portofino Automatic"}]},{"@type":"WebSite","@id":"http:\/\/blaeuer-uhren.ch\/zh-hans\/#website","url":"http:\/\/blaeuer-uhren.ch\/zh-hans\/","name":"Bijouterie Bl\u00e4uer","description":"Passion for watches and jewellery","publisher":{"@id":"http:\/\/blaeuer-uhren.ch\/zh-hans\/#organization"},"potentialAction":[{"@type":"SearchAction","target":{"@type":"EntryPoint","urlTemplate":"http:\/\/blaeuer-uhren.ch\/zh-hans\/?s={search_term_string}"},"query-input":{"@type":"PropertyValueSpecification","valueRequired":true,"valueName":"search_term_string"}}],"inLanguage":"en-US"},{"@type":"Organization","@id":"http:\/\/blaeuer-uhren.ch\/zh-hans\/#organization","name":"Bijouterie Bl\u00e4uer","url":"http:\/\/blaeuer-uhren.ch\/zh-hans\/","logo":{"@type":"ImageObject","inLanguage":"en-US","@id":"http:\/\/blaeuer-uhren.ch\/zh-hans\/#\/schema\/logo\/image\/","url":"https:\/\/blaeuer-uhren.ch\/wp-content\/uploads\/2018\/02\/Blaeuer_Logo.svg","contentUrl":"https:\/\/blaeuer-uhren.ch\/wp-content\/uploads\/2018\/02\/Blaeuer_Logo.svg","caption":"Bijouterie Bl\u00e4uer"},"image":{"@id":"http:\/\/blaeuer-uhren.ch\/zh-hans\/#\/schema\/logo\/image\/"}}]}},"_links":{"self":[{"href":"https:\/\/blaeuer-uhren.ch\/en\/wp-json\/wp\/v2\/product\/727222","targetHints":{"allow":["GET"]}}],"collection":[{"href":"https:\/\/blaeuer-uhren.ch\/en\/wp-json\/wp\/v2\/product"}],"about":[{"href":"https:\/\/blaeuer-uhren.ch\/en\/wp-json\/wp\/v2\/types\/product"}],"replies":[{"embeddable":true,"href":"https:\/\/blaeuer-uhren.ch\/en\/wp-json\/wp\/v2\/comments?post=727222"}],"wp:featuredmedia":[{"embeddable":true,"href":"https:\/\/blaeuer-uhren.ch\/en\/wp-json\/wp\/v2\/media\/727223"}],"wp:attachment":[{"href":"https:\/\/blaeuer-uhren.ch\/en\/wp-json\/wp\/v2\/media?parent=727222"}],"wp:term":[{"taxonomy":"product_brand","embeddable":true,"href":"https:\/\/blaeuer-uhren.ch\/en\/wp-json\/wp\/v2\/product_brand?post=727222"},{"taxonomy":"product_cat","embeddable":true,"href":"https:\/\/blaeuer-uhren.ch\/en\/wp-json\/wp\/v2\/product_cat?post=727222"},{"taxonomy":"product_tag","embeddable":true,"href":"https:\/\/blaeuer-uhren.ch\/en\/wp-json\/wp\/v2\/product_tag?post=727222"}],"curies":[{"name":"wp","href":"https:\/\/api.w.org\/{rel}","templated":true}]}}