{"id":42355,"date":"2019-05-16T16:27:14","date_gmt":"2019-05-16T14:27:14","guid":{"rendered":"https:\/\/blaeuer-uhren.ch\/produkt\/schluesselanhaenger-edelstahl-4\/"},"modified":"2019-05-16T16:27:22","modified_gmt":"2019-05-16T14:27:22","slug":"schluesselanhaenger-edelstahl-4","status":"publish","type":"product","link":"https:\/\/blaeuer-uhren.ch\/zh-hans\/produkt\/schluesselanhaenger-edelstahl-4\/","title":{"rendered":"Schl\u00fcsselanh\u00e4nger Edelstahl"},"content":{"rendered":"<p>Der Kautschuckreif hat einen Edelstahlkern. Diese Stahlseele wird in den Verschluss eingelasert, so sind ihre Schl\u00fcssel sicher aufbewahrt. <\/p>\n<p>Dem Damaszener Stahl wird eine legend\u00e4re Haltbarkeit nachgesagt.<br \/>\nFilme wie Highlander erzeugen ein fast mystisches Flair um die gefalteten Klingen.<br \/>\nAuch heute h\u00f6rt man, dass z.B. ein Messer aus Damaststahl N\u00e4gel spalten kann, ohne Schaden zu nehmen. <\/p>\n<p>Der Stahl wird gefaltet, geschmiedet, wieder gefaltet, geschmiedet, &#8230; <\/p>\n<p>Dadurch entstehen ganz individuelle innere Strukturen, die durch \u00c4tzen der Oberfl\u00e4che heraustreten. Dieses Muster durchzieht den ganzen Anh\u00e4nger und macht das Schmuckst\u00fcck so einzigartig und au\u00dfergew\u00f6hnlich. <\/p>\n<p>Ein Damastschmuckst\u00fcck ist so einzigartig und individuell wie der Mensch, der es tr\u00e4gt!<\/p>\n","protected":false},"excerpt":{"rendered":"<p>Der Kautschuckreif hat einen Edelstahlkern. Diese Stahl &hellip;<\/p>\n<p class=\"read-more\"> <a class=\"\" href=\"https:\/\/blaeuer-uhren.ch\/zh-hans\/produkt\/schluesselanhaenger-edelstahl-4\/\"> <span class=\"screen-reader-text\">Schl\u00fcsselanh\u00e4nger Edelstahl<\/span> \u67e5\u770b\u5168\u6587 &raquo;<\/a><\/p>\n","protected":false},"featured_media":42356,"comment_status":"closed","ping_status":"open","template":"","meta":{"_acf_changed":false},"product_brand":[],"product_cat":[367,1983,2882,3228],"product_tag":[],"class_list":{"0":"post-42355","1":"product","2":"type-product","3":"status-publish","4":"has-post-thumbnail","6":"product_cat-accessoires","7":"product_cat-anlaesse","8":"product_cat-geschenke-fuer-ihn","9":"product_cat-humphrey-accessoires","10":"pa_accessoiresmarke-humphrey","12":"first","13":"instock","14":"product-type-simple"},"acf":[],"yoast_head":"<!-- This site is optimized with the Yoast SEO plugin v26.5 - https:\/\/yoast.com\/wordpress\/plugins\/seo\/ -->\n<title>Schl\u00fcsselanh\u00e4nger Edelstahl von Humphrey<\/title>\n<meta name=\"description\" content=\"Schl\u00fcsselanh\u00e4nger Edelstahl von Humphrey bei Juwelier Hollfelder\" \/>\n<meta name=\"robots\" content=\"index, follow, max-snippet:-1, max-image-preview:large, max-video-preview:-1\" \/>\n<link rel=\"canonical\" href=\"https:\/\/blaeuer-uhren.ch\/zh-hans\/produkt\/schluesselanhaenger-edelstahl-4\/\" \/>\n<meta property=\"og:locale\" content=\"zh_CN\" \/>\n<meta property=\"og:type\" content=\"article\" \/>\n<meta property=\"og:title\" content=\"Schl\u00fcsselanh\u00e4nger Edelstahl von Humphrey bei Juwelier Hollfelder\" \/>\n<meta property=\"og:description\" content=\"Schl\u00fcsselanh\u00e4nger Edelstahl von Humphrey bei Juwelier Hollfelder\" \/>\n<meta property=\"og:url\" content=\"https:\/\/blaeuer-uhren.ch\/zh-hans\/produkt\/schluesselanhaenger-edelstahl-4\/\" \/>\n<meta property=\"og:site_name\" content=\"Bijouterie Bl\u00e4uer\" \/>\n<meta property=\"article:modified_time\" content=\"2019-05-16T14:27:22+00:00\" \/>\n<meta property=\"og:image\" content=\"https:\/\/blaeuer-uhren.ch\/wp-content\/uploads\/2019\/05\/11_653_623_0_xl-15.png\" \/>\n\t<meta property=\"og:image:width\" content=\"1000\" \/>\n\t<meta property=\"og:image:height\" content=\"1000\" \/>\n\t<meta property=\"og:image:type\" content=\"image\/png\" \/>\n<meta name=\"twitter:card\" content=\"summary_large_image\" \/>\n<meta name=\"twitter:title\" content=\"Schl\u00fcsselanh\u00e4nger Edelstahl von Humphrey bei Juwelier Hollfelder\" \/>\n<meta name=\"twitter:label1\" content=\"\u9884\u8ba1\u9605\u8bfb\u65f6\u95f4\" \/>\n\t<meta name=\"twitter:data1\" content=\"1 \u5206\" \/>\n<script type=\"application\/ld+json\" class=\"yoast-schema-graph\">{\"@context\":\"https:\/\/schema.org\",\"@graph\":[{\"@type\":\"WebPage\",\"@id\":\"https:\/\/blaeuer-uhren.ch\/zh-hans\/produkt\/schluesselanhaenger-edelstahl-4\/\",\"url\":\"https:\/\/blaeuer-uhren.ch\/zh-hans\/produkt\/schluesselanhaenger-edelstahl-4\/\",\"name\":\"Schl\u00fcsselanh\u00e4nger Edelstahl von Humphrey\",\"isPartOf\":{\"@id\":\"http:\/\/blaeuer-uhren.ch\/zh-hans\/#website\"},\"primaryImageOfPage\":{\"@id\":\"https:\/\/blaeuer-uhren.ch\/zh-hans\/produkt\/schluesselanhaenger-edelstahl-4\/#primaryimage\"},\"image\":{\"@id\":\"https:\/\/blaeuer-uhren.ch\/zh-hans\/produkt\/schluesselanhaenger-edelstahl-4\/#primaryimage\"},\"thumbnailUrl\":\"https:\/\/blaeuer-uhren.ch\/wp-content\/uploads\/2019\/05\/11_653_623_0_xl-15.png\",\"datePublished\":\"2019-05-16T14:27:14+00:00\",\"dateModified\":\"2019-05-16T14:27:22+00:00\",\"description\":\"Schl\u00fcsselanh\u00e4nger Edelstahl von Humphrey bei Juwelier Hollfelder\",\"breadcrumb\":{\"@id\":\"https:\/\/blaeuer-uhren.ch\/zh-hans\/produkt\/schluesselanhaenger-edelstahl-4\/#breadcrumb\"},\"inLanguage\":\"zh-Hans\",\"potentialAction\":[{\"@type\":\"ReadAction\",\"target\":[\"https:\/\/blaeuer-uhren.ch\/zh-hans\/produkt\/schluesselanhaenger-edelstahl-4\/\"]}]},{\"@type\":\"ImageObject\",\"inLanguage\":\"zh-Hans\",\"@id\":\"https:\/\/blaeuer-uhren.ch\/zh-hans\/produkt\/schluesselanhaenger-edelstahl-4\/#primaryimage\",\"url\":\"https:\/\/blaeuer-uhren.ch\/wp-content\/uploads\/2019\/05\/11_653_623_0_xl-15.png\",\"contentUrl\":\"https:\/\/blaeuer-uhren.ch\/wp-content\/uploads\/2019\/05\/11_653_623_0_xl-15.png\",\"width\":1000,\"height\":1000},{\"@type\":\"BreadcrumbList\",\"@id\":\"https:\/\/blaeuer-uhren.ch\/zh-hans\/produkt\/schluesselanhaenger-edelstahl-4\/#breadcrumb\",\"itemListElement\":[{\"@type\":\"ListItem\",\"position\":1,\"name\":\"Home\",\"item\":\"http:\/\/blaeuer-uhren.ch\/zh-hans\/\"},{\"@type\":\"ListItem\",\"position\":2,\"name\":\"Produkte\",\"item\":\"https:\/\/blaeuer-uhren.ch\/shop\/\"},{\"@type\":\"ListItem\",\"position\":3,\"name\":\"Schl\u00fcsselanh\u00e4nger Edelstahl\"}]},{\"@type\":\"WebSite\",\"@id\":\"http:\/\/blaeuer-uhren.ch\/zh-hans\/#website\",\"url\":\"http:\/\/blaeuer-uhren.ch\/zh-hans\/\",\"name\":\"Bijouterie Bl\u00e4uer\",\"description\":\"Passion for watches and jewellery\",\"publisher\":{\"@id\":\"http:\/\/blaeuer-uhren.ch\/zh-hans\/#organization\"},\"potentialAction\":[{\"@type\":\"SearchAction\",\"target\":{\"@type\":\"EntryPoint\",\"urlTemplate\":\"http:\/\/blaeuer-uhren.ch\/zh-hans\/?s={search_term_string}\"},\"query-input\":{\"@type\":\"PropertyValueSpecification\",\"valueRequired\":true,\"valueName\":\"search_term_string\"}}],\"inLanguage\":\"zh-Hans\"},{\"@type\":\"Organization\",\"@id\":\"http:\/\/blaeuer-uhren.ch\/zh-hans\/#organization\",\"name\":\"Bijouterie Bl\u00e4uer\",\"url\":\"http:\/\/blaeuer-uhren.ch\/zh-hans\/\",\"logo\":{\"@type\":\"ImageObject\",\"inLanguage\":\"zh-Hans\",\"@id\":\"http:\/\/blaeuer-uhren.ch\/zh-hans\/#\/schema\/logo\/image\/\",\"url\":\"https:\/\/blaeuer-uhren.ch\/wp-content\/uploads\/2018\/02\/Blaeuer_Logo.svg\",\"contentUrl\":\"https:\/\/blaeuer-uhren.ch\/wp-content\/uploads\/2018\/02\/Blaeuer_Logo.svg\",\"caption\":\"Bijouterie Bl\u00e4uer\"},\"image\":{\"@id\":\"http:\/\/blaeuer-uhren.ch\/zh-hans\/#\/schema\/logo\/image\/\"}}]}<\/script>\n<!-- \/ Yoast SEO plugin. -->","yoast_head_json":{"title":"Schl\u00fcsselanh\u00e4nger Edelstahl von Humphrey","description":"Schl\u00fcsselanh\u00e4nger Edelstahl von Humphrey bei Juwelier Hollfelder","robots":{"index":"index","follow":"follow","max-snippet":"max-snippet:-1","max-image-preview":"max-image-preview:large","max-video-preview":"max-video-preview:-1"},"canonical":"https:\/\/blaeuer-uhren.ch\/zh-hans\/produkt\/schluesselanhaenger-edelstahl-4\/","og_locale":"zh_CN","og_type":"article","og_title":"Schl\u00fcsselanh\u00e4nger Edelstahl von Humphrey bei Juwelier Hollfelder","og_description":"Schl\u00fcsselanh\u00e4nger Edelstahl von Humphrey bei Juwelier Hollfelder","og_url":"https:\/\/blaeuer-uhren.ch\/zh-hans\/produkt\/schluesselanhaenger-edelstahl-4\/","og_site_name":"Bijouterie Bl\u00e4uer","article_modified_time":"2019-05-16T14:27:22+00:00","og_image":[{"width":1000,"height":1000,"url":"https:\/\/blaeuer-uhren.ch\/wp-content\/uploads\/2019\/05\/11_653_623_0_xl-15.png","type":"image\/png"}],"twitter_card":"summary_large_image","twitter_title":"Schl\u00fcsselanh\u00e4nger Edelstahl von Humphrey bei Juwelier Hollfelder","twitter_misc":{"\u9884\u8ba1\u9605\u8bfb\u65f6\u95f4":"1 \u5206"},"schema":{"@context":"https:\/\/schema.org","@graph":[{"@type":"WebPage","@id":"https:\/\/blaeuer-uhren.ch\/zh-hans\/produkt\/schluesselanhaenger-edelstahl-4\/","url":"https:\/\/blaeuer-uhren.ch\/zh-hans\/produkt\/schluesselanhaenger-edelstahl-4\/","name":"Schl\u00fcsselanh\u00e4nger Edelstahl von Humphrey","isPartOf":{"@id":"http:\/\/blaeuer-uhren.ch\/zh-hans\/#website"},"primaryImageOfPage":{"@id":"https:\/\/blaeuer-uhren.ch\/zh-hans\/produkt\/schluesselanhaenger-edelstahl-4\/#primaryimage"},"image":{"@id":"https:\/\/blaeuer-uhren.ch\/zh-hans\/produkt\/schluesselanhaenger-edelstahl-4\/#primaryimage"},"thumbnailUrl":"https:\/\/blaeuer-uhren.ch\/wp-content\/uploads\/2019\/05\/11_653_623_0_xl-15.png","datePublished":"2019-05-16T14:27:14+00:00","dateModified":"2019-05-16T14:27:22+00:00","description":"Schl\u00fcsselanh\u00e4nger Edelstahl von Humphrey bei Juwelier Hollfelder","breadcrumb":{"@id":"https:\/\/blaeuer-uhren.ch\/zh-hans\/produkt\/schluesselanhaenger-edelstahl-4\/#breadcrumb"},"inLanguage":"zh-Hans","potentialAction":[{"@type":"ReadAction","target":["https:\/\/blaeuer-uhren.ch\/zh-hans\/produkt\/schluesselanhaenger-edelstahl-4\/"]}]},{"@type":"ImageObject","inLanguage":"zh-Hans","@id":"https:\/\/blaeuer-uhren.ch\/zh-hans\/produkt\/schluesselanhaenger-edelstahl-4\/#primaryimage","url":"https:\/\/blaeuer-uhren.ch\/wp-content\/uploads\/2019\/05\/11_653_623_0_xl-15.png","contentUrl":"https:\/\/blaeuer-uhren.ch\/wp-content\/uploads\/2019\/05\/11_653_623_0_xl-15.png","width":1000,"height":1000},{"@type":"BreadcrumbList","@id":"https:\/\/blaeuer-uhren.ch\/zh-hans\/produkt\/schluesselanhaenger-edelstahl-4\/#breadcrumb","itemListElement":[{"@type":"ListItem","position":1,"name":"Home","item":"http:\/\/blaeuer-uhren.ch\/zh-hans\/"},{"@type":"ListItem","position":2,"name":"Produkte","item":"https:\/\/blaeuer-uhren.ch\/shop\/"},{"@type":"ListItem","position":3,"name":"Schl\u00fcsselanh\u00e4nger Edelstahl"}]},{"@type":"WebSite","@id":"http:\/\/blaeuer-uhren.ch\/zh-hans\/#website","url":"http:\/\/blaeuer-uhren.ch\/zh-hans\/","name":"Bijouterie Bl\u00e4uer","description":"Passion for watches and jewellery","publisher":{"@id":"http:\/\/blaeuer-uhren.ch\/zh-hans\/#organization"},"potentialAction":[{"@type":"SearchAction","target":{"@type":"EntryPoint","urlTemplate":"http:\/\/blaeuer-uhren.ch\/zh-hans\/?s={search_term_string}"},"query-input":{"@type":"PropertyValueSpecification","valueRequired":true,"valueName":"search_term_string"}}],"inLanguage":"zh-Hans"},{"@type":"Organization","@id":"http:\/\/blaeuer-uhren.ch\/zh-hans\/#organization","name":"Bijouterie Bl\u00e4uer","url":"http:\/\/blaeuer-uhren.ch\/zh-hans\/","logo":{"@type":"ImageObject","inLanguage":"zh-Hans","@id":"http:\/\/blaeuer-uhren.ch\/zh-hans\/#\/schema\/logo\/image\/","url":"https:\/\/blaeuer-uhren.ch\/wp-content\/uploads\/2018\/02\/Blaeuer_Logo.svg","contentUrl":"https:\/\/blaeuer-uhren.ch\/wp-content\/uploads\/2018\/02\/Blaeuer_Logo.svg","caption":"Bijouterie Bl\u00e4uer"},"image":{"@id":"http:\/\/blaeuer-uhren.ch\/zh-hans\/#\/schema\/logo\/image\/"}}]}},"_links":{"self":[{"href":"https:\/\/blaeuer-uhren.ch\/zh-hans\/wp-json\/wp\/v2\/product\/42355","targetHints":{"allow":["GET"]}}],"collection":[{"href":"https:\/\/blaeuer-uhren.ch\/zh-hans\/wp-json\/wp\/v2\/product"}],"about":[{"href":"https:\/\/blaeuer-uhren.ch\/zh-hans\/wp-json\/wp\/v2\/types\/product"}],"replies":[{"embeddable":true,"href":"https:\/\/blaeuer-uhren.ch\/zh-hans\/wp-json\/wp\/v2\/comments?post=42355"}],"wp:featuredmedia":[{"embeddable":true,"href":"https:\/\/blaeuer-uhren.ch\/zh-hans\/wp-json\/wp\/v2\/media\/42356"}],"wp:attachment":[{"href":"https:\/\/blaeuer-uhren.ch\/zh-hans\/wp-json\/wp\/v2\/media?parent=42355"}],"wp:term":[{"taxonomy":"product_brand","embeddable":true,"href":"https:\/\/blaeuer-uhren.ch\/zh-hans\/wp-json\/wp\/v2\/product_brand?post=42355"},{"taxonomy":"product_cat","embeddable":true,"href":"https:\/\/blaeuer-uhren.ch\/zh-hans\/wp-json\/wp\/v2\/product_cat?post=42355"},{"taxonomy":"product_tag","embeddable":true,"href":"https:\/\/blaeuer-uhren.ch\/zh-hans\/wp-json\/wp\/v2\/product_tag?post=42355"}],"curies":[{"name":"wp","href":"https:\/\/api.w.org\/{rel}","templated":true}]}}