{"id":534253,"date":"2025-11-28T10:48:36","date_gmt":"2025-11-28T09:48:36","guid":{"rendered":"https:\/\/blaeuer-uhren.ch\/produkt\/gellner-metropolitan-5-24494-05\/"},"modified":"2025-11-28T10:48:40","modified_gmt":"2025-11-28T09:48:40","slug":"gellner-metropolitan-5-24494-05","status":"publish","type":"product","link":"https:\/\/blaeuer-uhren.ch\/zh-hans\/produkt\/gellner-metropolitan-5-24494-05\/","title":{"rendered":"Bold Collier"},"content":{"rendered":"<p>Erh\u00e4ltlich bei JUWELIER BL\u00c4UER<\/p>\n","protected":false},"excerpt":{"rendered":"<p>Erh\u00e4ltlich bei JUWELIER BL\u00c4UER<\/p>\n","protected":false},"featured_media":664632,"comment_status":"closed","ping_status":"open","template":"","meta":{"_acf_changed":false},"product_brand":[],"product_cat":[1983,330,2882,2108,3095,3344,3412,1991,242],"product_tag":[],"class_list":{"0":"post-534253","1":"product","2":"type-product","3":"status-publish","4":"has-post-thumbnail","6":"product_cat-anlaesse","7":"product_cat-gellner","8":"product_cat-geschenke-fuer-ihn","9":"product_cat-halsschmuck","10":"product_cat-herrenschmuck","11":"product_cat-metropolitan","12":"product_cat-ohne-besatz","13":"product_cat-perlenschmuck","14":"product_cat-schmuck","15":"pa_besatz-ohne-besatz","16":"pa_besatz-perlen","17":"pa_kollektion-metropolitan","18":"pa_marke-gellner","19":"pa_material-silber","20":"pa_produktart-schmuck","21":"pa_schmuckart-halsschmuck","22":"pa_schmuckart-herrenschmuck","23":"pa_schmuckmarke-gellner","24":"pa_zielgruppe-herrenschmuck","26":"first","27":"instock","28":"product-type-simple"},"acf":[],"yoast_head":"<!-- This site is optimized with the Yoast SEO plugin v26.5 - https:\/\/yoast.com\/wordpress\/plugins\/seo\/ -->\n<title>Bold Collier | Bijouterie Bl\u00e4uer | Thun<\/title>\n<meta name=\"robots\" content=\"index, follow, max-snippet:-1, max-image-preview:large, max-video-preview:-1\" \/>\n<link rel=\"canonical\" href=\"https:\/\/blaeuer-uhren.ch\/produkt\/gellner-metropolitan-5-24494-05\/\" \/>\n<meta property=\"og:locale\" content=\"zh_CN\" \/>\n<meta property=\"og:type\" content=\"article\" \/>\n<meta property=\"og:title\" content=\"Bold Collier | Bijouterie Bl\u00e4uer | Thun\" \/>\n<meta property=\"og:description\" content=\"Erh\u00e4ltlich bei JUWELIER BL\u00c4UER\" \/>\n<meta property=\"og:url\" content=\"https:\/\/blaeuer-uhren.ch\/produkt\/gellner-metropolitan-5-24494-05\/\" \/>\n<meta property=\"og:site_name\" content=\"Bijouterie Bl\u00e4uer\" \/>\n<meta property=\"article:modified_time\" content=\"2025-11-28T09:48:40+00:00\" \/>\n<meta property=\"og:image\" content=\"https:\/\/blaeuer-uhren.ch\/wp-content\/uploads\/2025\/11\/25377031.png\" \/>\n\t<meta property=\"og:image:width\" content=\"1000\" \/>\n\t<meta property=\"og:image:height\" content=\"1000\" \/>\n\t<meta property=\"og:image:type\" content=\"image\/png\" \/>\n<meta name=\"twitter:card\" content=\"summary_large_image\" \/>\n<script type=\"application\/ld+json\" class=\"yoast-schema-graph\">{\"@context\":\"https:\/\/schema.org\",\"@graph\":[{\"@type\":\"WebPage\",\"@id\":\"https:\/\/blaeuer-uhren.ch\/produkt\/gellner-metropolitan-5-24494-05\/\",\"url\":\"https:\/\/blaeuer-uhren.ch\/produkt\/gellner-metropolitan-5-24494-05\/\",\"name\":\"Bold Collier | Bijouterie Bl\u00e4uer | Thun\",\"isPartOf\":{\"@id\":\"http:\/\/blaeuer-uhren.ch\/zh-hans\/#website\"},\"primaryImageOfPage\":{\"@id\":\"https:\/\/blaeuer-uhren.ch\/produkt\/gellner-metropolitan-5-24494-05\/#primaryimage\"},\"image\":{\"@id\":\"https:\/\/blaeuer-uhren.ch\/produkt\/gellner-metropolitan-5-24494-05\/#primaryimage\"},\"thumbnailUrl\":\"https:\/\/blaeuer-uhren.ch\/wp-content\/uploads\/2025\/11\/25377031.png\",\"datePublished\":\"2025-11-28T09:48:36+00:00\",\"dateModified\":\"2025-11-28T09:48:40+00:00\",\"breadcrumb\":{\"@id\":\"https:\/\/blaeuer-uhren.ch\/produkt\/gellner-metropolitan-5-24494-05\/#breadcrumb\"},\"inLanguage\":\"zh-Hans\",\"potentialAction\":[{\"@type\":\"ReadAction\",\"target\":[\"https:\/\/blaeuer-uhren.ch\/produkt\/gellner-metropolitan-5-24494-05\/\"]}]},{\"@type\":\"ImageObject\",\"inLanguage\":\"zh-Hans\",\"@id\":\"https:\/\/blaeuer-uhren.ch\/produkt\/gellner-metropolitan-5-24494-05\/#primaryimage\",\"url\":\"https:\/\/blaeuer-uhren.ch\/wp-content\/uploads\/2025\/11\/25377031.png\",\"contentUrl\":\"https:\/\/blaeuer-uhren.ch\/wp-content\/uploads\/2025\/11\/25377031.png\",\"width\":1000,\"height\":1000,\"caption\":\"in Thun\"},{\"@type\":\"BreadcrumbList\",\"@id\":\"https:\/\/blaeuer-uhren.ch\/produkt\/gellner-metropolitan-5-24494-05\/#breadcrumb\",\"itemListElement\":[{\"@type\":\"ListItem\",\"position\":1,\"name\":\"Home\",\"item\":\"http:\/\/blaeuer-uhren.ch\/zh-hans\/\"},{\"@type\":\"ListItem\",\"position\":2,\"name\":\"Produkte\",\"item\":\"https:\/\/blaeuer-uhren.ch\/shop\/\"},{\"@type\":\"ListItem\",\"position\":3,\"name\":\"Bold Collier\"}]},{\"@type\":\"WebSite\",\"@id\":\"http:\/\/blaeuer-uhren.ch\/zh-hans\/#website\",\"url\":\"http:\/\/blaeuer-uhren.ch\/zh-hans\/\",\"name\":\"Bijouterie Bl\u00e4uer\",\"description\":\"Passion for watches and jewellery\",\"publisher\":{\"@id\":\"http:\/\/blaeuer-uhren.ch\/zh-hans\/#organization\"},\"potentialAction\":[{\"@type\":\"SearchAction\",\"target\":{\"@type\":\"EntryPoint\",\"urlTemplate\":\"http:\/\/blaeuer-uhren.ch\/zh-hans\/?s={search_term_string}\"},\"query-input\":{\"@type\":\"PropertyValueSpecification\",\"valueRequired\":true,\"valueName\":\"search_term_string\"}}],\"inLanguage\":\"zh-Hans\"},{\"@type\":\"Organization\",\"@id\":\"http:\/\/blaeuer-uhren.ch\/zh-hans\/#organization\",\"name\":\"Bijouterie Bl\u00e4uer\",\"url\":\"http:\/\/blaeuer-uhren.ch\/zh-hans\/\",\"logo\":{\"@type\":\"ImageObject\",\"inLanguage\":\"zh-Hans\",\"@id\":\"http:\/\/blaeuer-uhren.ch\/zh-hans\/#\/schema\/logo\/image\/\",\"url\":\"https:\/\/blaeuer-uhren.ch\/wp-content\/uploads\/2018\/02\/Blaeuer_Logo.svg\",\"contentUrl\":\"https:\/\/blaeuer-uhren.ch\/wp-content\/uploads\/2018\/02\/Blaeuer_Logo.svg\",\"caption\":\"Bijouterie Bl\u00e4uer\"},\"image\":{\"@id\":\"http:\/\/blaeuer-uhren.ch\/zh-hans\/#\/schema\/logo\/image\/\"}}]}<\/script>\n<!-- \/ Yoast SEO plugin. -->","yoast_head_json":{"title":"Bold Collier | Bijouterie Bl\u00e4uer | Thun","robots":{"index":"index","follow":"follow","max-snippet":"max-snippet:-1","max-image-preview":"max-image-preview:large","max-video-preview":"max-video-preview:-1"},"canonical":"https:\/\/blaeuer-uhren.ch\/produkt\/gellner-metropolitan-5-24494-05\/","og_locale":"zh_CN","og_type":"article","og_title":"Bold Collier | Bijouterie Bl\u00e4uer | Thun","og_description":"Erh\u00e4ltlich bei JUWELIER BL\u00c4UER","og_url":"https:\/\/blaeuer-uhren.ch\/produkt\/gellner-metropolitan-5-24494-05\/","og_site_name":"Bijouterie Bl\u00e4uer","article_modified_time":"2025-11-28T09:48:40+00:00","og_image":[{"width":1000,"height":1000,"url":"https:\/\/blaeuer-uhren.ch\/wp-content\/uploads\/2025\/11\/25377031.png","type":"image\/png"}],"twitter_card":"summary_large_image","schema":{"@context":"https:\/\/schema.org","@graph":[{"@type":"WebPage","@id":"https:\/\/blaeuer-uhren.ch\/produkt\/gellner-metropolitan-5-24494-05\/","url":"https:\/\/blaeuer-uhren.ch\/produkt\/gellner-metropolitan-5-24494-05\/","name":"Bold Collier | Bijouterie Bl\u00e4uer | Thun","isPartOf":{"@id":"http:\/\/blaeuer-uhren.ch\/zh-hans\/#website"},"primaryImageOfPage":{"@id":"https:\/\/blaeuer-uhren.ch\/produkt\/gellner-metropolitan-5-24494-05\/#primaryimage"},"image":{"@id":"https:\/\/blaeuer-uhren.ch\/produkt\/gellner-metropolitan-5-24494-05\/#primaryimage"},"thumbnailUrl":"https:\/\/blaeuer-uhren.ch\/wp-content\/uploads\/2025\/11\/25377031.png","datePublished":"2025-11-28T09:48:36+00:00","dateModified":"2025-11-28T09:48:40+00:00","breadcrumb":{"@id":"https:\/\/blaeuer-uhren.ch\/produkt\/gellner-metropolitan-5-24494-05\/#breadcrumb"},"inLanguage":"zh-Hans","potentialAction":[{"@type":"ReadAction","target":["https:\/\/blaeuer-uhren.ch\/produkt\/gellner-metropolitan-5-24494-05\/"]}]},{"@type":"ImageObject","inLanguage":"zh-Hans","@id":"https:\/\/blaeuer-uhren.ch\/produkt\/gellner-metropolitan-5-24494-05\/#primaryimage","url":"https:\/\/blaeuer-uhren.ch\/wp-content\/uploads\/2025\/11\/25377031.png","contentUrl":"https:\/\/blaeuer-uhren.ch\/wp-content\/uploads\/2025\/11\/25377031.png","width":1000,"height":1000,"caption":"in Thun"},{"@type":"BreadcrumbList","@id":"https:\/\/blaeuer-uhren.ch\/produkt\/gellner-metropolitan-5-24494-05\/#breadcrumb","itemListElement":[{"@type":"ListItem","position":1,"name":"Home","item":"http:\/\/blaeuer-uhren.ch\/zh-hans\/"},{"@type":"ListItem","position":2,"name":"Produkte","item":"https:\/\/blaeuer-uhren.ch\/shop\/"},{"@type":"ListItem","position":3,"name":"Bold Collier"}]},{"@type":"WebSite","@id":"http:\/\/blaeuer-uhren.ch\/zh-hans\/#website","url":"http:\/\/blaeuer-uhren.ch\/zh-hans\/","name":"Bijouterie Bl\u00e4uer","description":"Passion for watches and jewellery","publisher":{"@id":"http:\/\/blaeuer-uhren.ch\/zh-hans\/#organization"},"potentialAction":[{"@type":"SearchAction","target":{"@type":"EntryPoint","urlTemplate":"http:\/\/blaeuer-uhren.ch\/zh-hans\/?s={search_term_string}"},"query-input":{"@type":"PropertyValueSpecification","valueRequired":true,"valueName":"search_term_string"}}],"inLanguage":"zh-Hans"},{"@type":"Organization","@id":"http:\/\/blaeuer-uhren.ch\/zh-hans\/#organization","name":"Bijouterie Bl\u00e4uer","url":"http:\/\/blaeuer-uhren.ch\/zh-hans\/","logo":{"@type":"ImageObject","inLanguage":"zh-Hans","@id":"http:\/\/blaeuer-uhren.ch\/zh-hans\/#\/schema\/logo\/image\/","url":"https:\/\/blaeuer-uhren.ch\/wp-content\/uploads\/2018\/02\/Blaeuer_Logo.svg","contentUrl":"https:\/\/blaeuer-uhren.ch\/wp-content\/uploads\/2018\/02\/Blaeuer_Logo.svg","caption":"Bijouterie Bl\u00e4uer"},"image":{"@id":"http:\/\/blaeuer-uhren.ch\/zh-hans\/#\/schema\/logo\/image\/"}}]}},"_links":{"self":[{"href":"https:\/\/blaeuer-uhren.ch\/zh-hans\/wp-json\/wp\/v2\/product\/534253","targetHints":{"allow":["GET"]}}],"collection":[{"href":"https:\/\/blaeuer-uhren.ch\/zh-hans\/wp-json\/wp\/v2\/product"}],"about":[{"href":"https:\/\/blaeuer-uhren.ch\/zh-hans\/wp-json\/wp\/v2\/types\/product"}],"replies":[{"embeddable":true,"href":"https:\/\/blaeuer-uhren.ch\/zh-hans\/wp-json\/wp\/v2\/comments?post=534253"}],"wp:featuredmedia":[{"embeddable":true,"href":"https:\/\/blaeuer-uhren.ch\/zh-hans\/wp-json\/wp\/v2\/media\/664632"}],"wp:attachment":[{"href":"https:\/\/blaeuer-uhren.ch\/zh-hans\/wp-json\/wp\/v2\/media?parent=534253"}],"wp:term":[{"taxonomy":"product_brand","embeddable":true,"href":"https:\/\/blaeuer-uhren.ch\/zh-hans\/wp-json\/wp\/v2\/product_brand?post=534253"},{"taxonomy":"product_cat","embeddable":true,"href":"https:\/\/blaeuer-uhren.ch\/zh-hans\/wp-json\/wp\/v2\/product_cat?post=534253"},{"taxonomy":"product_tag","embeddable":true,"href":"https:\/\/blaeuer-uhren.ch\/zh-hans\/wp-json\/wp\/v2\/product_tag?post=534253"}],"curies":[{"name":"wp","href":"https:\/\/api.w.org\/{rel}","templated":true}]}}