{"id":573150,"date":"2026-04-01T16:11:11","date_gmt":"2026-04-01T14:11:11","guid":{"rendered":"https:\/\/blaeuer-uhren.ch\/produkt\/iwc-schaffhausen-pilots-watches-iw378009\/"},"modified":"2026-04-01T16:11:16","modified_gmt":"2026-04-01T14:11:16","slug":"iwc-schaffhausen-pilots-watches-iw378009","status":"publish","type":"product","link":"https:\/\/blaeuer-uhren.ch\/zh-hans\/produkt\/iwc-schaffhausen-pilots-watches-iw378009\/","title":{"rendered":"Pilot\u2019s Watch Chronograph 43 APXGP"},"content":{"rendered":"<p>Erh\u00e4ltlich bei JUWELIER BL\u00c4UER<\/p>\n<p>&nbsp;<\/p>\n<p>&nbsp;<\/p>\n","protected":false},"excerpt":{"rendered":"<p>Erh\u00e4ltlich bei JUWELIER BL\u00c4UER &nbsp; &nbsp;<\/p>\n","protected":false},"featured_media":724801,"comment_status":"closed","ping_status":"open","template":"","meta":{"_acf_changed":false},"product_brand":[],"product_cat":[1983,2882,400,76,3446,17],"product_tag":[],"class_list":{"0":"post-573150","1":"product","2":"type-product","3":"status-publish","4":"has-post-thumbnail","6":"product_cat-anlaesse","7":"product_cat-geschenke-fuer-ihn","8":"product_cat-herrenuhr","9":"product_cat-iwc-schaffhausen","10":"product_cat-pilots-watches-iwc-schaffhausen","11":"product_cat-uhren","12":"pa_bandmaterialfilter-edelstahl","13":"pa_gehaeusedurchmesserfilter-40-45","14":"pa_gehaeusematerialfilter-edelstahl","15":"pa_gender-herrenuhr","16":"pa_kollektion-pilots-watches","17":"pa_marke-iwc-schaffhausen","18":"pa_uhrenfunktionen-chronograph","19":"pa_uhrenfunktionen-datum","20":"pa_uhrenfunktionen-kleine-sekunde","21":"pa_uhrenfunktionen-wochentag","22":"pa_uhrenmarke-iwc-schaffhausen","23":"pa_uhrwerkfilter-automatik","25":"first","26":"instock","27":"product-type-simple"},"acf":[],"yoast_head":"<!-- This site is optimized with the Yoast SEO plugin v26.5 - https:\/\/yoast.com\/wordpress\/plugins\/seo\/ -->\n<title>Pilot\u2019s Watch Chronograph 43 APXGP | Bijouterie Bl\u00e4uer | Thun<\/title>\n<meta name=\"robots\" content=\"index, follow, max-snippet:-1, max-image-preview:large, max-video-preview:-1\" \/>\n<link rel=\"canonical\" href=\"https:\/\/blaeuer-uhren.ch\/produkt\/iwc-schaffhausen-pilots-watches-iw378009\/\" \/>\n<meta property=\"og:locale\" content=\"zh_CN\" \/>\n<meta property=\"og:type\" content=\"article\" \/>\n<meta property=\"og:title\" content=\"Pilot\u2019s Watch Chronograph 43 APXGP | Bijouterie Bl\u00e4uer | Thun\" \/>\n<meta property=\"og:description\" content=\"Erh\u00e4ltlich bei JUWELIER BL\u00c4UER &nbsp; &nbsp;\" \/>\n<meta property=\"og:url\" content=\"https:\/\/blaeuer-uhren.ch\/produkt\/iwc-schaffhausen-pilots-watches-iw378009\/\" \/>\n<meta property=\"og:site_name\" content=\"Bijouterie Bl\u00e4uer\" \/>\n<meta property=\"article:modified_time\" content=\"2026-04-01T14:11:16+00:00\" \/>\n<meta property=\"og:image\" content=\"https:\/\/blaeuer-uhren.ch\/wp-content\/uploads\/2026\/04\/25408625.png\" \/>\n\t<meta property=\"og:image:width\" content=\"700\" \/>\n\t<meta property=\"og:image:height\" content=\"1000\" \/>\n\t<meta property=\"og:image:type\" content=\"image\/png\" \/>\n<meta name=\"twitter:card\" content=\"summary_large_image\" \/>\n<script type=\"application\/ld+json\" class=\"yoast-schema-graph\">{\"@context\":\"https:\/\/schema.org\",\"@graph\":[{\"@type\":\"WebPage\",\"@id\":\"https:\/\/blaeuer-uhren.ch\/produkt\/iwc-schaffhausen-pilots-watches-iw378009\/\",\"url\":\"https:\/\/blaeuer-uhren.ch\/produkt\/iwc-schaffhausen-pilots-watches-iw378009\/\",\"name\":\"Pilot\u2019s Watch Chronograph 43 APXGP | Bijouterie Bl\u00e4uer | Thun\",\"isPartOf\":{\"@id\":\"http:\/\/blaeuer-uhren.ch\/zh-hans\/#website\"},\"primaryImageOfPage\":{\"@id\":\"https:\/\/blaeuer-uhren.ch\/produkt\/iwc-schaffhausen-pilots-watches-iw378009\/#primaryimage\"},\"image\":{\"@id\":\"https:\/\/blaeuer-uhren.ch\/produkt\/iwc-schaffhausen-pilots-watches-iw378009\/#primaryimage\"},\"thumbnailUrl\":\"https:\/\/blaeuer-uhren.ch\/wp-content\/uploads\/2026\/04\/25408625.png\",\"datePublished\":\"2026-04-01T14:11:11+00:00\",\"dateModified\":\"2026-04-01T14:11:16+00:00\",\"breadcrumb\":{\"@id\":\"https:\/\/blaeuer-uhren.ch\/produkt\/iwc-schaffhausen-pilots-watches-iw378009\/#breadcrumb\"},\"inLanguage\":\"zh-Hans\",\"potentialAction\":[{\"@type\":\"ReadAction\",\"target\":[\"https:\/\/blaeuer-uhren.ch\/produkt\/iwc-schaffhausen-pilots-watches-iw378009\/\"]}]},{\"@type\":\"ImageObject\",\"inLanguage\":\"zh-Hans\",\"@id\":\"https:\/\/blaeuer-uhren.ch\/produkt\/iwc-schaffhausen-pilots-watches-iw378009\/#primaryimage\",\"url\":\"https:\/\/blaeuer-uhren.ch\/wp-content\/uploads\/2026\/04\/25408625.png\",\"contentUrl\":\"https:\/\/blaeuer-uhren.ch\/wp-content\/uploads\/2026\/04\/25408625.png\",\"width\":700,\"height\":1000,\"caption\":\"in Thun\"},{\"@type\":\"BreadcrumbList\",\"@id\":\"https:\/\/blaeuer-uhren.ch\/produkt\/iwc-schaffhausen-pilots-watches-iw378009\/#breadcrumb\",\"itemListElement\":[{\"@type\":\"ListItem\",\"position\":1,\"name\":\"Home\",\"item\":\"http:\/\/blaeuer-uhren.ch\/zh-hans\/\"},{\"@type\":\"ListItem\",\"position\":2,\"name\":\"Produkte\",\"item\":\"https:\/\/blaeuer-uhren.ch\/shop\/\"},{\"@type\":\"ListItem\",\"position\":3,\"name\":\"Pilot\u2019s Watch Chronograph 43 APXGP\"}]},{\"@type\":\"WebSite\",\"@id\":\"http:\/\/blaeuer-uhren.ch\/zh-hans\/#website\",\"url\":\"http:\/\/blaeuer-uhren.ch\/zh-hans\/\",\"name\":\"Bijouterie Bl\u00e4uer\",\"description\":\"Passion for watches and jewellery\",\"publisher\":{\"@id\":\"http:\/\/blaeuer-uhren.ch\/zh-hans\/#organization\"},\"potentialAction\":[{\"@type\":\"SearchAction\",\"target\":{\"@type\":\"EntryPoint\",\"urlTemplate\":\"http:\/\/blaeuer-uhren.ch\/zh-hans\/?s={search_term_string}\"},\"query-input\":{\"@type\":\"PropertyValueSpecification\",\"valueRequired\":true,\"valueName\":\"search_term_string\"}}],\"inLanguage\":\"zh-Hans\"},{\"@type\":\"Organization\",\"@id\":\"http:\/\/blaeuer-uhren.ch\/zh-hans\/#organization\",\"name\":\"Bijouterie Bl\u00e4uer\",\"url\":\"http:\/\/blaeuer-uhren.ch\/zh-hans\/\",\"logo\":{\"@type\":\"ImageObject\",\"inLanguage\":\"zh-Hans\",\"@id\":\"http:\/\/blaeuer-uhren.ch\/zh-hans\/#\/schema\/logo\/image\/\",\"url\":\"https:\/\/blaeuer-uhren.ch\/wp-content\/uploads\/2018\/02\/Blaeuer_Logo.svg\",\"contentUrl\":\"https:\/\/blaeuer-uhren.ch\/wp-content\/uploads\/2018\/02\/Blaeuer_Logo.svg\",\"caption\":\"Bijouterie Bl\u00e4uer\"},\"image\":{\"@id\":\"http:\/\/blaeuer-uhren.ch\/zh-hans\/#\/schema\/logo\/image\/\"}}]}<\/script>\n<!-- \/ Yoast SEO plugin. -->","yoast_head_json":{"title":"Pilot\u2019s Watch Chronograph 43 APXGP | Bijouterie Bl\u00e4uer | Thun","robots":{"index":"index","follow":"follow","max-snippet":"max-snippet:-1","max-image-preview":"max-image-preview:large","max-video-preview":"max-video-preview:-1"},"canonical":"https:\/\/blaeuer-uhren.ch\/produkt\/iwc-schaffhausen-pilots-watches-iw378009\/","og_locale":"zh_CN","og_type":"article","og_title":"Pilot\u2019s Watch Chronograph 43 APXGP | Bijouterie Bl\u00e4uer | Thun","og_description":"Erh\u00e4ltlich bei JUWELIER BL\u00c4UER &nbsp; &nbsp;","og_url":"https:\/\/blaeuer-uhren.ch\/produkt\/iwc-schaffhausen-pilots-watches-iw378009\/","og_site_name":"Bijouterie Bl\u00e4uer","article_modified_time":"2026-04-01T14:11:16+00:00","og_image":[{"width":700,"height":1000,"url":"https:\/\/blaeuer-uhren.ch\/wp-content\/uploads\/2026\/04\/25408625.png","type":"image\/png"}],"twitter_card":"summary_large_image","schema":{"@context":"https:\/\/schema.org","@graph":[{"@type":"WebPage","@id":"https:\/\/blaeuer-uhren.ch\/produkt\/iwc-schaffhausen-pilots-watches-iw378009\/","url":"https:\/\/blaeuer-uhren.ch\/produkt\/iwc-schaffhausen-pilots-watches-iw378009\/","name":"Pilot\u2019s Watch Chronograph 43 APXGP | Bijouterie Bl\u00e4uer | Thun","isPartOf":{"@id":"http:\/\/blaeuer-uhren.ch\/zh-hans\/#website"},"primaryImageOfPage":{"@id":"https:\/\/blaeuer-uhren.ch\/produkt\/iwc-schaffhausen-pilots-watches-iw378009\/#primaryimage"},"image":{"@id":"https:\/\/blaeuer-uhren.ch\/produkt\/iwc-schaffhausen-pilots-watches-iw378009\/#primaryimage"},"thumbnailUrl":"https:\/\/blaeuer-uhren.ch\/wp-content\/uploads\/2026\/04\/25408625.png","datePublished":"2026-04-01T14:11:11+00:00","dateModified":"2026-04-01T14:11:16+00:00","breadcrumb":{"@id":"https:\/\/blaeuer-uhren.ch\/produkt\/iwc-schaffhausen-pilots-watches-iw378009\/#breadcrumb"},"inLanguage":"zh-Hans","potentialAction":[{"@type":"ReadAction","target":["https:\/\/blaeuer-uhren.ch\/produkt\/iwc-schaffhausen-pilots-watches-iw378009\/"]}]},{"@type":"ImageObject","inLanguage":"zh-Hans","@id":"https:\/\/blaeuer-uhren.ch\/produkt\/iwc-schaffhausen-pilots-watches-iw378009\/#primaryimage","url":"https:\/\/blaeuer-uhren.ch\/wp-content\/uploads\/2026\/04\/25408625.png","contentUrl":"https:\/\/blaeuer-uhren.ch\/wp-content\/uploads\/2026\/04\/25408625.png","width":700,"height":1000,"caption":"in Thun"},{"@type":"BreadcrumbList","@id":"https:\/\/blaeuer-uhren.ch\/produkt\/iwc-schaffhausen-pilots-watches-iw378009\/#breadcrumb","itemListElement":[{"@type":"ListItem","position":1,"name":"Home","item":"http:\/\/blaeuer-uhren.ch\/zh-hans\/"},{"@type":"ListItem","position":2,"name":"Produkte","item":"https:\/\/blaeuer-uhren.ch\/shop\/"},{"@type":"ListItem","position":3,"name":"Pilot\u2019s Watch Chronograph 43 APXGP"}]},{"@type":"WebSite","@id":"http:\/\/blaeuer-uhren.ch\/zh-hans\/#website","url":"http:\/\/blaeuer-uhren.ch\/zh-hans\/","name":"Bijouterie Bl\u00e4uer","description":"Passion for watches and jewellery","publisher":{"@id":"http:\/\/blaeuer-uhren.ch\/zh-hans\/#organization"},"potentialAction":[{"@type":"SearchAction","target":{"@type":"EntryPoint","urlTemplate":"http:\/\/blaeuer-uhren.ch\/zh-hans\/?s={search_term_string}"},"query-input":{"@type":"PropertyValueSpecification","valueRequired":true,"valueName":"search_term_string"}}],"inLanguage":"zh-Hans"},{"@type":"Organization","@id":"http:\/\/blaeuer-uhren.ch\/zh-hans\/#organization","name":"Bijouterie Bl\u00e4uer","url":"http:\/\/blaeuer-uhren.ch\/zh-hans\/","logo":{"@type":"ImageObject","inLanguage":"zh-Hans","@id":"http:\/\/blaeuer-uhren.ch\/zh-hans\/#\/schema\/logo\/image\/","url":"https:\/\/blaeuer-uhren.ch\/wp-content\/uploads\/2018\/02\/Blaeuer_Logo.svg","contentUrl":"https:\/\/blaeuer-uhren.ch\/wp-content\/uploads\/2018\/02\/Blaeuer_Logo.svg","caption":"Bijouterie Bl\u00e4uer"},"image":{"@id":"http:\/\/blaeuer-uhren.ch\/zh-hans\/#\/schema\/logo\/image\/"}}]}},"_links":{"self":[{"href":"https:\/\/blaeuer-uhren.ch\/zh-hans\/wp-json\/wp\/v2\/product\/573150","targetHints":{"allow":["GET"]}}],"collection":[{"href":"https:\/\/blaeuer-uhren.ch\/zh-hans\/wp-json\/wp\/v2\/product"}],"about":[{"href":"https:\/\/blaeuer-uhren.ch\/zh-hans\/wp-json\/wp\/v2\/types\/product"}],"replies":[{"embeddable":true,"href":"https:\/\/blaeuer-uhren.ch\/zh-hans\/wp-json\/wp\/v2\/comments?post=573150"}],"wp:featuredmedia":[{"embeddable":true,"href":"https:\/\/blaeuer-uhren.ch\/zh-hans\/wp-json\/wp\/v2\/media\/724801"}],"wp:attachment":[{"href":"https:\/\/blaeuer-uhren.ch\/zh-hans\/wp-json\/wp\/v2\/media?parent=573150"}],"wp:term":[{"taxonomy":"product_brand","embeddable":true,"href":"https:\/\/blaeuer-uhren.ch\/zh-hans\/wp-json\/wp\/v2\/product_brand?post=573150"},{"taxonomy":"product_cat","embeddable":true,"href":"https:\/\/blaeuer-uhren.ch\/zh-hans\/wp-json\/wp\/v2\/product_cat?post=573150"},{"taxonomy":"product_tag","embeddable":true,"href":"https:\/\/blaeuer-uhren.ch\/zh-hans\/wp-json\/wp\/v2\/product_tag?post=573150"}],"curies":[{"name":"wp","href":"https:\/\/api.w.org\/{rel}","templated":true}]}}