{"id":669005,"date":"2025-12-11T17:24:35","date_gmt":"2025-12-11T16:24:35","guid":{"rendered":"https:\/\/blaeuer-uhren.ch\/?post_type=product&#038;p=669005"},"modified":"2025-12-11T18:03:34","modified_gmt":"2025-12-11T17:03:34","slug":"planet-ocean-600m-omega-co-axial-master-chronometer-42-mm","status":"publish","type":"product","link":"https:\/\/blaeuer-uhren.ch\/zh-hans\/produkt\/planet-ocean-600m-omega-co-axial-master-chronometer-42-mm\/","title":{"rendered":"Planet Ocean 600M Omega Co-Axial Master Chronometer 42 mm"},"content":{"rendered":"<p>Erh\u00e4ltlich bei JUWELIER BL\u00c4UER<\/p>\n<p>&nbsp;<\/p>\n<p>&nbsp;<\/p>\n","protected":false},"excerpt":{"rendered":"<p>Erh\u00e4ltlich bei JUWELIER BL\u00c4UER &nbsp; &nbsp;<\/p>\n","protected":false},"featured_media":669006,"comment_status":"closed","ping_status":"closed","template":"","meta":{"_acf_changed":false},"product_brand":[],"product_cat":[1983,2882,400,110,115,17],"product_tag":[],"class_list":{"0":"post-669005","1":"product","2":"type-product","3":"status-publish","4":"has-post-thumbnail","6":"product_cat-anlaesse","7":"product_cat-geschenke-fuer-ihn","8":"product_cat-herrenuhr","9":"product_cat-omega","10":"product_cat-seamaster","11":"product_cat-uhren","12":"pa_bandmaterialfilter-edelstahl","13":"pa_besonderheiten-chronometer","14":"pa_gehaeusedurchmesserfilter-40-45","15":"pa_gehaeusematerialfilter-edelstahl","16":"pa_gender-herrenuhr","17":"pa_kollektion-planet-ocean-600m","18":"pa_marke-omega","19":"pa_uhrenfunktionen-datum","20":"pa_uhrenfunktionen-dreizeiger","21":"pa_uhrenmarke-omega","22":"pa_uhrwerkfilter-automatik","24":"first","25":"instock","26":"product-type-simple"},"acf":[],"yoast_head":"<!-- This site is optimized with the Yoast SEO plugin v26.5 - https:\/\/yoast.com\/wordpress\/plugins\/seo\/ -->\n<title>Planet Ocean 600M Omega Co-Axial Master Chronometer 42 mm | Bijouterie Bl\u00e4uer | Thun<\/title>\n<meta name=\"description\" content=\"Elegante OMEGA Seamaster Planet Ocean 42 mm: robuste Taucheruhr aus Edelstahl, Keramikl\u00fcnette, Master Chronometer Kaliber 8912, sportlich und pr\u00e4zise.\" \/>\n<meta name=\"robots\" content=\"index, follow, max-snippet:-1, max-image-preview:large, max-video-preview:-1\" \/>\n<link rel=\"canonical\" href=\"https:\/\/blaeuer-uhren.ch\/produkt\/planet-ocean-600m-omega-co-axial-master-chronometer-42-mm\/\" \/>\n<meta property=\"og:locale\" content=\"zh_CN\" \/>\n<meta property=\"og:type\" content=\"article\" \/>\n<meta property=\"og:title\" content=\"Planet Ocean 600M Omega Co-Axial Master Chronometer 42 mm | Bijouterie Bl\u00e4uer | Thun\" \/>\n<meta property=\"og:description\" content=\"Elegante OMEGA Seamaster Planet Ocean 42 mm: robuste Taucheruhr aus Edelstahl, Keramikl\u00fcnette, Master Chronometer Kaliber 8912, sportlich und pr\u00e4zise.\" \/>\n<meta property=\"og:url\" content=\"https:\/\/blaeuer-uhren.ch\/produkt\/planet-ocean-600m-omega-co-axial-master-chronometer-42-mm\/\" \/>\n<meta property=\"og:site_name\" content=\"Bijouterie Bl\u00e4uer\" \/>\n<meta property=\"article:modified_time\" content=\"2025-12-11T17:03:34+00:00\" \/>\n<meta property=\"og:image\" content=\"https:\/\/blaeuer-uhren.ch\/wp-content\/uploads\/2025\/12\/omega-seamaster-planet-ocean-600m-co-axial-master-chronometer-42-mm-21732422101001-9b6c7e.png\" \/>\n\t<meta property=\"og:image:width\" content=\"700\" \/>\n\t<meta property=\"og:image:height\" content=\"1000\" \/>\n\t<meta property=\"og:image:type\" content=\"image\/png\" \/>\n<meta name=\"twitter:card\" content=\"summary_large_image\" \/>\n<meta name=\"twitter:label1\" content=\"\u9884\u8ba1\u9605\u8bfb\u65f6\u95f4\" \/>\n\t<meta name=\"twitter:data1\" content=\"1 \u5206\" \/>\n<script type=\"application\/ld+json\" class=\"yoast-schema-graph\">{\"@context\":\"https:\/\/schema.org\",\"@graph\":[{\"@type\":\"WebPage\",\"@id\":\"https:\/\/blaeuer-uhren.ch\/produkt\/planet-ocean-600m-omega-co-axial-master-chronometer-42-mm\/\",\"url\":\"https:\/\/blaeuer-uhren.ch\/produkt\/planet-ocean-600m-omega-co-axial-master-chronometer-42-mm\/\",\"name\":\"Planet Ocean 600M Omega Co-Axial Master Chronometer 42 mm | Bijouterie Bl\u00e4uer | Thun\",\"isPartOf\":{\"@id\":\"http:\/\/blaeuer-uhren.ch\/zh-hans\/#website\"},\"primaryImageOfPage\":{\"@id\":\"https:\/\/blaeuer-uhren.ch\/produkt\/planet-ocean-600m-omega-co-axial-master-chronometer-42-mm\/#primaryimage\"},\"image\":{\"@id\":\"https:\/\/blaeuer-uhren.ch\/produkt\/planet-ocean-600m-omega-co-axial-master-chronometer-42-mm\/#primaryimage\"},\"thumbnailUrl\":\"https:\/\/blaeuer-uhren.ch\/wp-content\/uploads\/2025\/12\/omega-seamaster-planet-ocean-600m-co-axial-master-chronometer-42-mm-21732422101001-9b6c7e.png\",\"datePublished\":\"2025-12-11T16:24:35+00:00\",\"dateModified\":\"2025-12-11T17:03:34+00:00\",\"description\":\"Elegante OMEGA Seamaster Planet Ocean 42 mm: robuste Taucheruhr aus Edelstahl, Keramikl\u00fcnette, Master Chronometer Kaliber 8912, sportlich und pr\u00e4zise.\",\"breadcrumb\":{\"@id\":\"https:\/\/blaeuer-uhren.ch\/produkt\/planet-ocean-600m-omega-co-axial-master-chronometer-42-mm\/#breadcrumb\"},\"inLanguage\":\"zh-Hans\",\"potentialAction\":[{\"@type\":\"ReadAction\",\"target\":[\"https:\/\/blaeuer-uhren.ch\/produkt\/planet-ocean-600m-omega-co-axial-master-chronometer-42-mm\/\"]}]},{\"@type\":\"ImageObject\",\"inLanguage\":\"zh-Hans\",\"@id\":\"https:\/\/blaeuer-uhren.ch\/produkt\/planet-ocean-600m-omega-co-axial-master-chronometer-42-mm\/#primaryimage\",\"url\":\"https:\/\/blaeuer-uhren.ch\/wp-content\/uploads\/2025\/12\/omega-seamaster-planet-ocean-600m-co-axial-master-chronometer-42-mm-21732422101001-9b6c7e.png\",\"contentUrl\":\"https:\/\/blaeuer-uhren.ch\/wp-content\/uploads\/2025\/12\/omega-seamaster-planet-ocean-600m-co-axial-master-chronometer-42-mm-21732422101001-9b6c7e.png\",\"width\":700,\"height\":1000},{\"@type\":\"BreadcrumbList\",\"@id\":\"https:\/\/blaeuer-uhren.ch\/produkt\/planet-ocean-600m-omega-co-axial-master-chronometer-42-mm\/#breadcrumb\",\"itemListElement\":[{\"@type\":\"ListItem\",\"position\":1,\"name\":\"Home\",\"item\":\"http:\/\/blaeuer-uhren.ch\/zh-hans\/\"},{\"@type\":\"ListItem\",\"position\":2,\"name\":\"Produkte\",\"item\":\"https:\/\/blaeuer-uhren.ch\/shop\/\"},{\"@type\":\"ListItem\",\"position\":3,\"name\":\"Planet Ocean 600M Omega Co-Axial Master Chronometer 42 mm\"}]},{\"@type\":\"WebSite\",\"@id\":\"http:\/\/blaeuer-uhren.ch\/zh-hans\/#website\",\"url\":\"http:\/\/blaeuer-uhren.ch\/zh-hans\/\",\"name\":\"Bijouterie Bl\u00e4uer\",\"description\":\"Passion for watches and jewellery\",\"publisher\":{\"@id\":\"http:\/\/blaeuer-uhren.ch\/zh-hans\/#organization\"},\"potentialAction\":[{\"@type\":\"SearchAction\",\"target\":{\"@type\":\"EntryPoint\",\"urlTemplate\":\"http:\/\/blaeuer-uhren.ch\/zh-hans\/?s={search_term_string}\"},\"query-input\":{\"@type\":\"PropertyValueSpecification\",\"valueRequired\":true,\"valueName\":\"search_term_string\"}}],\"inLanguage\":\"zh-Hans\"},{\"@type\":\"Organization\",\"@id\":\"http:\/\/blaeuer-uhren.ch\/zh-hans\/#organization\",\"name\":\"Bijouterie Bl\u00e4uer\",\"url\":\"http:\/\/blaeuer-uhren.ch\/zh-hans\/\",\"logo\":{\"@type\":\"ImageObject\",\"inLanguage\":\"zh-Hans\",\"@id\":\"http:\/\/blaeuer-uhren.ch\/zh-hans\/#\/schema\/logo\/image\/\",\"url\":\"https:\/\/blaeuer-uhren.ch\/wp-content\/uploads\/2018\/02\/Blaeuer_Logo.svg\",\"contentUrl\":\"https:\/\/blaeuer-uhren.ch\/wp-content\/uploads\/2018\/02\/Blaeuer_Logo.svg\",\"caption\":\"Bijouterie Bl\u00e4uer\"},\"image\":{\"@id\":\"http:\/\/blaeuer-uhren.ch\/zh-hans\/#\/schema\/logo\/image\/\"}}]}<\/script>\n<!-- \/ Yoast SEO plugin. -->","yoast_head_json":{"title":"Planet Ocean 600M Omega Co-Axial Master Chronometer 42 mm | Bijouterie Bl\u00e4uer | Thun","description":"Elegante OMEGA Seamaster Planet Ocean 42 mm: robuste Taucheruhr aus Edelstahl, Keramikl\u00fcnette, Master Chronometer Kaliber 8912, sportlich und pr\u00e4zise.","robots":{"index":"index","follow":"follow","max-snippet":"max-snippet:-1","max-image-preview":"max-image-preview:large","max-video-preview":"max-video-preview:-1"},"canonical":"https:\/\/blaeuer-uhren.ch\/produkt\/planet-ocean-600m-omega-co-axial-master-chronometer-42-mm\/","og_locale":"zh_CN","og_type":"article","og_title":"Planet Ocean 600M Omega Co-Axial Master Chronometer 42 mm | Bijouterie Bl\u00e4uer | Thun","og_description":"Elegante OMEGA Seamaster Planet Ocean 42 mm: robuste Taucheruhr aus Edelstahl, Keramikl\u00fcnette, Master Chronometer Kaliber 8912, sportlich und pr\u00e4zise.","og_url":"https:\/\/blaeuer-uhren.ch\/produkt\/planet-ocean-600m-omega-co-axial-master-chronometer-42-mm\/","og_site_name":"Bijouterie Bl\u00e4uer","article_modified_time":"2025-12-11T17:03:34+00:00","og_image":[{"width":700,"height":1000,"url":"https:\/\/blaeuer-uhren.ch\/wp-content\/uploads\/2025\/12\/omega-seamaster-planet-ocean-600m-co-axial-master-chronometer-42-mm-21732422101001-9b6c7e.png","type":"image\/png"}],"twitter_card":"summary_large_image","twitter_misc":{"\u9884\u8ba1\u9605\u8bfb\u65f6\u95f4":"1 \u5206"},"schema":{"@context":"https:\/\/schema.org","@graph":[{"@type":"WebPage","@id":"https:\/\/blaeuer-uhren.ch\/produkt\/planet-ocean-600m-omega-co-axial-master-chronometer-42-mm\/","url":"https:\/\/blaeuer-uhren.ch\/produkt\/planet-ocean-600m-omega-co-axial-master-chronometer-42-mm\/","name":"Planet Ocean 600M Omega Co-Axial Master Chronometer 42 mm | Bijouterie Bl\u00e4uer | Thun","isPartOf":{"@id":"http:\/\/blaeuer-uhren.ch\/zh-hans\/#website"},"primaryImageOfPage":{"@id":"https:\/\/blaeuer-uhren.ch\/produkt\/planet-ocean-600m-omega-co-axial-master-chronometer-42-mm\/#primaryimage"},"image":{"@id":"https:\/\/blaeuer-uhren.ch\/produkt\/planet-ocean-600m-omega-co-axial-master-chronometer-42-mm\/#primaryimage"},"thumbnailUrl":"https:\/\/blaeuer-uhren.ch\/wp-content\/uploads\/2025\/12\/omega-seamaster-planet-ocean-600m-co-axial-master-chronometer-42-mm-21732422101001-9b6c7e.png","datePublished":"2025-12-11T16:24:35+00:00","dateModified":"2025-12-11T17:03:34+00:00","description":"Elegante OMEGA Seamaster Planet Ocean 42 mm: robuste Taucheruhr aus Edelstahl, Keramikl\u00fcnette, Master Chronometer Kaliber 8912, sportlich und pr\u00e4zise.","breadcrumb":{"@id":"https:\/\/blaeuer-uhren.ch\/produkt\/planet-ocean-600m-omega-co-axial-master-chronometer-42-mm\/#breadcrumb"},"inLanguage":"zh-Hans","potentialAction":[{"@type":"ReadAction","target":["https:\/\/blaeuer-uhren.ch\/produkt\/planet-ocean-600m-omega-co-axial-master-chronometer-42-mm\/"]}]},{"@type":"ImageObject","inLanguage":"zh-Hans","@id":"https:\/\/blaeuer-uhren.ch\/produkt\/planet-ocean-600m-omega-co-axial-master-chronometer-42-mm\/#primaryimage","url":"https:\/\/blaeuer-uhren.ch\/wp-content\/uploads\/2025\/12\/omega-seamaster-planet-ocean-600m-co-axial-master-chronometer-42-mm-21732422101001-9b6c7e.png","contentUrl":"https:\/\/blaeuer-uhren.ch\/wp-content\/uploads\/2025\/12\/omega-seamaster-planet-ocean-600m-co-axial-master-chronometer-42-mm-21732422101001-9b6c7e.png","width":700,"height":1000},{"@type":"BreadcrumbList","@id":"https:\/\/blaeuer-uhren.ch\/produkt\/planet-ocean-600m-omega-co-axial-master-chronometer-42-mm\/#breadcrumb","itemListElement":[{"@type":"ListItem","position":1,"name":"Home","item":"http:\/\/blaeuer-uhren.ch\/zh-hans\/"},{"@type":"ListItem","position":2,"name":"Produkte","item":"https:\/\/blaeuer-uhren.ch\/shop\/"},{"@type":"ListItem","position":3,"name":"Planet Ocean 600M Omega Co-Axial Master Chronometer 42 mm"}]},{"@type":"WebSite","@id":"http:\/\/blaeuer-uhren.ch\/zh-hans\/#website","url":"http:\/\/blaeuer-uhren.ch\/zh-hans\/","name":"Bijouterie Bl\u00e4uer","description":"Passion for watches and jewellery","publisher":{"@id":"http:\/\/blaeuer-uhren.ch\/zh-hans\/#organization"},"potentialAction":[{"@type":"SearchAction","target":{"@type":"EntryPoint","urlTemplate":"http:\/\/blaeuer-uhren.ch\/zh-hans\/?s={search_term_string}"},"query-input":{"@type":"PropertyValueSpecification","valueRequired":true,"valueName":"search_term_string"}}],"inLanguage":"zh-Hans"},{"@type":"Organization","@id":"http:\/\/blaeuer-uhren.ch\/zh-hans\/#organization","name":"Bijouterie Bl\u00e4uer","url":"http:\/\/blaeuer-uhren.ch\/zh-hans\/","logo":{"@type":"ImageObject","inLanguage":"zh-Hans","@id":"http:\/\/blaeuer-uhren.ch\/zh-hans\/#\/schema\/logo\/image\/","url":"https:\/\/blaeuer-uhren.ch\/wp-content\/uploads\/2018\/02\/Blaeuer_Logo.svg","contentUrl":"https:\/\/blaeuer-uhren.ch\/wp-content\/uploads\/2018\/02\/Blaeuer_Logo.svg","caption":"Bijouterie Bl\u00e4uer"},"image":{"@id":"http:\/\/blaeuer-uhren.ch\/zh-hans\/#\/schema\/logo\/image\/"}}]}},"_links":{"self":[{"href":"https:\/\/blaeuer-uhren.ch\/zh-hans\/wp-json\/wp\/v2\/product\/669005","targetHints":{"allow":["GET"]}}],"collection":[{"href":"https:\/\/blaeuer-uhren.ch\/zh-hans\/wp-json\/wp\/v2\/product"}],"about":[{"href":"https:\/\/blaeuer-uhren.ch\/zh-hans\/wp-json\/wp\/v2\/types\/product"}],"replies":[{"embeddable":true,"href":"https:\/\/blaeuer-uhren.ch\/zh-hans\/wp-json\/wp\/v2\/comments?post=669005"}],"wp:featuredmedia":[{"embeddable":true,"href":"https:\/\/blaeuer-uhren.ch\/zh-hans\/wp-json\/wp\/v2\/media\/669006"}],"wp:attachment":[{"href":"https:\/\/blaeuer-uhren.ch\/zh-hans\/wp-json\/wp\/v2\/media?parent=669005"}],"wp:term":[{"taxonomy":"product_brand","embeddable":true,"href":"https:\/\/blaeuer-uhren.ch\/zh-hans\/wp-json\/wp\/v2\/product_brand?post=669005"},{"taxonomy":"product_cat","embeddable":true,"href":"https:\/\/blaeuer-uhren.ch\/zh-hans\/wp-json\/wp\/v2\/product_cat?post=669005"},{"taxonomy":"product_tag","embeddable":true,"href":"https:\/\/blaeuer-uhren.ch\/zh-hans\/wp-json\/wp\/v2\/product_tag?post=669005"}],"curies":[{"name":"wp","href":"https:\/\/api.w.org\/{rel}","templated":true}]}}